{"id":3389,"date":"2021-08-18T14:48:30","date_gmt":"2021-08-18T12:48:30","guid":{"rendered":"https:\/\/www.acrolcar.it\/contacts\/"},"modified":"2025-10-03T11:26:06","modified_gmt":"2025-10-03T09:26:06","slug":"contacts","status":"publish","type":"page","link":"https:\/\/www.acrolcar.it\/fr\/contacts\/","title":{"rendered":"Contacts"},"content":{"rendered":"\r\n<div id=\"map-block_7c490287a708ce13f44e19e11626ec0e\" class=\"\">\r\n\r\n<iframe src=\"https:\/\/www.google.com\/maps\/embed?pb=!1m18!1m12!1m3!1d2815.568675290896!2d7.73748681591876!3d45.1148108790984!2m3!1f0!2f0!3f0!3m2!1i1024!2i768!4f13.1!3m3!1m2!1s0x478871890c270beb%3A0xc289188f2e0156ce!2sAC%20Rolcar%20S.r.l.!5e0!3m2!1sit!2sit!4v1628849092247!5m2!1sit!2sit\" width=\"100%\" height=\"350\" style=\"border:0;\" allowfullscreen=\"\" loading=\"lazy\"><\/iframe>\r\n\r\n<\/div>\r\n\r\n\r\n\n\n\r\n\r\n<div id=\"modulo-contatto-block_df8fa0a62b44b63ae33a927442334525\" class=\" main-container-modulo-contatto\" style=\"background: var(--lightGray) !important;\">\r\n  \r\n          <h1 class='titolo-2'>Simple, rapide, durable<\/h1>    \r\n      \r\n  <div class=\"flex\" style=\"background: white !important;\">\r\n    <div id=\"left-column\">\r\n      <h3 class=\"sottotitolo-blue\" style=\"margin-bottom: 30px !important;\">Contatti<\/h3>\r\n      <h2 class=\"testo\"><b>Indirizzo<\/b><\/h2>\r\n      <p class=\"testo\">\r\n        <b>Ac Rolcar S.R.L<\/b><br>\r\n        Via Emilia 12 &#8211; Autoporto Pescarito<br>\r\n        10099 San Mauro Torinese (TO) Italy\r\n      <\/p>\r\n      <h2 class=\"testo\"><b>Telefono<\/b><\/h2>\r\n       <p class=\"testo\">\r\n        tel. +39 (011) 273 24 74<br>\r\n        tel. +39 (011) 273 17 39<br>\r\n       <\/p>\r\n      <h2 class=\"testo\"><b>WhatsApp<\/b><\/h2>\r\n       <p class=\"testo\">\r\n        <b>ITA<\/b> <a target=\"_blank\" href=\"https:\/\/wa.me\/00393923065742\">+39 392 30 65 742<\/a><br>\r\n        <b>ENG<\/b> <a target=\"_blank\" href=\"https:\/\/wa.me\/00393428495280\">+39 342 84 95 280<\/a><br>\r\n       <\/p>\r\n      <h2 class=\"testo\"><b>Orari di apertura<\/b><\/h2>\r\n      <p class=\"testo\">\r\n        Lunedi &#8211; Venerdi: 8.30 &#8211; 17:00<br>\r\n        Sabato: chiuso<br>\r\n        Domenica: chiuso\r\n      <\/p>\r\n    <\/div>\r\n    <div id=\"right-column\">\r\n       <h3 class=\"sottotitolo-blue\" style=\"margin-bottom: 30px !important;\">Compila il form<\/h3>\r\n       <link rel='stylesheet' id='formidable-css' href='https:\/\/www.acrolcar.it\/wp-content\/plugins\/formidable\/css\/formidableforms.css?ver=10241135' media='all' \/>\n<div class=\"frm_forms  with_frm_style frm_style_stile-di-formidable\" id=\"frm_form_2_container\" >\n<form enctype=\"multipart\/form-data\" method=\"post\" class=\"frm-show-form  frm_pro_form \" id=\"form_formdicontatto\"  >\n<div class=\"frm_form_fields \">\n<fieldset>\n<legend class=\"frm_screen_reader\">Formulaire de contact<\/legend>\r\n\r\n<div class=\"frm_fields_container\">\n<input type=\"hidden\" name=\"frm_action\" value=\"create\" \/>\n<input type=\"hidden\" name=\"form_id\" value=\"2\" \/>\n<input type=\"hidden\" name=\"frm_hide_fields_2\" id=\"frm_hide_fields_2\" value=\"\" \/>\n<input type=\"hidden\" name=\"form_key\" value=\"formdicontatto\" \/>\n<input type=\"hidden\" name=\"item_meta[0]\" value=\"\" \/>\n<input type=\"hidden\" id=\"frm_submit_entry_2\" name=\"frm_submit_entry_2\" value=\"5ac22c1fa8\" \/><input type=\"hidden\" name=\"_wp_http_referer\" value=\"\/fr\/wp-json\/wp\/v2\/pages\/3389\" \/><div id=\"frm_field_8_container\" class=\"frm_form_field form-field  frm_required_field frm_top_container frm_half\">\r\n    <label for=\"field_phegn\" id=\"field_phegn_label\" class=\"frm_primary_label\">Nom\r\n        <span class=\"frm_required\" aria-hidden=\"true\">*<\/span>\r\n    <\/label>\r\n    <input type=\"text\" id=\"field_phegn\" name=\"item_meta[8]\" value=\"\"  placeholder=\"Nome\" data-reqmsg=\"Questo campo non pu\u00f2 essere vuoto.\" aria-required=\"true\" data-invmsg=\"Testo non \u00e8 valido\" aria-invalid=\"false\"  \/>\r\n    \r\n    \r\n<\/div>\n<div id=\"frm_field_9_container\" class=\"frm_form_field form-field  frm_required_field frm_top_container frm_half\">\r\n    <label for=\"field_cispz\" id=\"field_cispz_label\" class=\"frm_primary_label\">Email\r\n        <span class=\"frm_required\" aria-hidden=\"true\">*<\/span>\r\n    <\/label>\r\n    <input type=\"email\" id=\"field_cispz\" name=\"item_meta[9]\" value=\"\"  placeholder=\"Email\" data-reqmsg=\"Ce champ ne peut pas \u00eatre vide.\" aria-required=\"true\" data-invmsg=\"Texte non valide\" aria-invalid=\"false\"  \/>\r\n    \r\n    \r\n<\/div>\n<div id=\"frm_field_10_container\" class=\"frm_form_field form-field  frm_required_field frm_top_container frm_half\">\r\n    <label for=\"field_dnr2f\" id=\"field_dnr2f_label\" class=\"frm_primary_label\">Objet\r\n        <span class=\"frm_required\" aria-hidden=\"true\">*<\/span>\r\n    <\/label>\r\n    <input type=\"text\" id=\"field_dnr2f\" name=\"item_meta[10]\" value=\"\"  placeholder=\"Oggetto\" data-reqmsg=\"Questo campo non pu\u00f2 essere vuoto.\" aria-required=\"true\" data-invmsg=\"Testo non \u00e8 valido\" aria-invalid=\"false\"  \/>\r\n    \r\n    \r\n<\/div>\n<div id=\"frm_field_7_container\" class=\"frm_form_field form-field  frm_required_field frm_top_container\">\r\n    <label for=\"field_gqh9r\" id=\"field_gqh9r_label\" class=\"frm_primary_label\">Message\r\n        <span class=\"frm_required\" aria-hidden=\"true\">*<\/span>\r\n    <\/label>\r\n    <textarea name=\"item_meta[7]\" id=\"field_gqh9r\" rows=\"5\"  placeholder=\"Scrivi qui il tuo messaggio.\" data-reqmsg=\"Questo campo non pu\u00f2 essere vuoto.\" aria-required=\"true\" data-invmsg=\"Messaggio non \u00e8 valido\" aria-invalid=\"false\"   aria-describedby=\"frm_desc_field_gqh9r\"><\/textarea>\r\n    <div class=\"frm_description\" id=\"frm_desc_field_gqh9r\">L&rsquo;\u00e9quipe sera fi\u00e8re de r\u00e9pondre \u00e0 vos demandes.<\/div>\r\n    \r\n<\/div>\n<div id=\"frm_field_82_container\" class=\"frm_form_field form-field  frm_required_field frm_top_container vertical_radio\">\r\n    <div  id=\"field_2aw4b_label\" class=\"frm_primary_label\">Politique de confidentialit\u00e9\r\n        <span class=\"frm_required\" aria-hidden=\"true\">*<\/span>\r\n    <\/div>\r\n    <div class=\"frm_opt_container\" aria-labelledby=\"field_2aw4b_label\" role=\"group\" aria-required=\"true\">\t\t<div class=\"frm_checkbox\" id=\"frm_checkbox_82-0\"><label for=\"field_2aw4b-0\"><input type=\"checkbox\" name=\"item_meta[82][]\" id=\"field_2aw4b-0\" value=\"Ho letto ed accetto &lt;a href=&quot;#&quot;&gt;Informativa Privacy&lt;\/a&gt;\"  data-reqmsg=\"Questo campo non pu\u00f2 essere vuoto.\" data-invmsg=\"Informativa Privacy est non valide\" aria-invalid=\"false\"   \/> J&rsquo;ai lu et j&rsquo;accepte <a href=\"#\">Politique de confidentialit\u00e9<\/a><\/label><\/div>\n<\/div>\r\n    \r\n    \r\n<\/div>\n\t<input type=\"hidden\" name=\"item_key\" value=\"\" \/>\n\t\t\t\t<div class=\"frm__6537ac075a6b2\" aria-hidden=\"true\">\n\t\t\t\t<label for=\"frm_email_2\">\n\t\t\t\t\tSi vous \u00eates un humain, ne remplissez pas ce champ.\t\t\t\t<\/label>\n\t\t\t\t<input  id=\"frm_email_2\" type=\"text\" class=\"frm_verify\" name=\"frm__6537ac075a6b2\" value=\"\" autocomplete=\"false\"  \/>\n\t\t\t<\/div>\n\t\t<input name=\"frm_state\" type=\"hidden\" value=\"PDrdyCCMh+bMu7LxQxghMymCjNRUaN0ytFx9vECV8vw=\" \/><div class=\"frm_submit\">\r\n\r\n<button class=\"frm_button_submit frm_final_submit\" type=\"submit\"   formnovalidate=\"formnovalidate\">Envoyer un message<\/button>\r\n\r\n<\/div><\/div>\n<\/fieldset>\n<\/div>\n<\/form>\n<\/div>\n    <\/div>\r\n  <\/div>\r\n  \r\n<\/div>\n\n\n<h2 class=\"sottotitolo-blue\" style=\"text-align: center; background: white; padding: 5vh 0px 0vh 0px !important; font-weight: 600 !important;\">Responsable de zone<\/h2>\n\n\n\n<div class=\"wp-block-columns is-layout-flex wp-container-2\">\n<div class=\"wp-block-column is-layout-flow\">\r\n<div id=\"repeater-agenti-block_f9a4494e61563c36a5969af2fdd21710\" class=\" repeater-agenti\">\r\n\r\n       <div class=\"agenti-wrapper\">\r\n                 <div class=\"agente\">\r\n              <div class=\"image-container\" style=\"background-image: url(https:\/\/www.acrolcar.it\/wp-content\/uploads\/2024\/03\/Marika_Tagliabue-1.jpg) \">\r\n\r\n                <div class=\"nome-agente-container\">\r\n                  <h3 class='sottotitolo'>Marika Tagliabue<\/h3>                <\/div>\r\n              <\/div>\r\n              <div class=\"info-agente\">\r\n                                <p class='testo blue citta'>Turin, San Mauro<\/p>                                              <p class='testo'>Sales Manager<\/p>                             <\/div>\r\n          <\/div>    \r\n                  <div class=\"agente\">\r\n              <div class=\"image-container\" style=\"background-image: url(https:\/\/www.acrolcar.it\/wp-content\/uploads\/2024\/05\/Jessica_Castaneda-1.jpg) \">\r\n\r\n                <div class=\"nome-agente-container\">\r\n                  <h3 class='sottotitolo'>Jessica Castaneda<\/h3>                <\/div>\r\n              <\/div>\r\n              <div class=\"info-agente\">\r\n                                <p class='testo blue citta'>Turin, San Mauro<\/p>                                              <p class='testo'>Sales Area Export Department<\/p>                             <\/div>\r\n          <\/div>    \r\n                  <div class=\"agente\">\r\n              <div class=\"image-container\" style=\"background-image: url(https:\/\/www.acrolcar.it\/wp-content\/uploads\/2024\/05\/Miguel_Caparello-1.jpg) \">\r\n\r\n                <div class=\"nome-agente-container\">\r\n                  <h3 class='sottotitolo'>Miguel Caparello<\/h3>                <\/div>\r\n              <\/div>\r\n              <div class=\"info-agente\">\r\n                                <p class='testo blue citta'>Turin, San Mauro<\/p>                                              <p class='testo'>Sales Area Export Department<\/p>                             <\/div>\r\n          <\/div>    \r\n                  <div class=\"agente\">\r\n              <div class=\"image-container\" style=\"background-image: url(https:\/\/www.acrolcar.it\/wp-content\/uploads\/2024\/03\/Erika_Pellizzaro.jpg) \">\r\n\r\n                <div class=\"nome-agente-container\">\r\n                  <h3 class='sottotitolo'>Erika Pellizzaro<\/h3>                <\/div>\r\n              <\/div>\r\n              <div class=\"info-agente\">\r\n                                <p class='testo blue citta'>Turin, San Mauro<\/p>                                              <p class='testo'>Sales Area<\/p>                             <\/div>\r\n          <\/div>    \r\n                  \r\n    <\/div>\r\n      <style>\r\n                              #repeater-agenti-block_f9a4494e61563c36a5969af2fdd21710 .info-agente{\r\n                                padding: 15px 20px !important;\r\n                              }\r\n\r\n                              .image-container{\r\n                                min-height: 50vh;\r\n                                height: 50vh;\r\n                                position: relative;\r\n                                background-position: center;\r\n                                background-size: cover;\r\n                                background-repeat: no-repeat;\r\n                              }\r\n      <\/style>\r\n              \r\n<\/div> \r\n\r\n  \r\n<\/div>\n<\/div>\n","protected":false},"excerpt":{"rendered":"<p>Responsable de zone<\/p>\n","protected":false},"author":2,"featured_media":0,"parent":0,"menu_order":0,"comment_status":"closed","ping_status":"closed","template":"","meta":{"_uag_custom_page_level_css":"","site-sidebar-layout":"no-sidebar","site-content-layout":"page-builder","ast-site-content-layout":"full-width-container","site-content-style":"unboxed","site-sidebar-style":"unboxed","ast-global-header-display":"","ast-banner-title-visibility":"","ast-main-header-display":"","ast-hfb-above-header-display":"","ast-hfb-below-header-display":"","ast-hfb-mobile-header-display":"","site-post-title":"disabled","ast-breadcrumbs-content":"","ast-featured-img":"","footer-sml-layout":"","theme-transparent-header-meta":"default","adv-header-id-meta":"","stick-header-meta":"default","header-above-stick-meta":"","header-main-stick-meta":"","header-below-stick-meta":"","astra-migrate-meta-layouts":"set","ast-page-background-enabled":"default","ast-page-background-meta":{"desktop":{"background-color":"","background-image":"","background-repeat":"repeat","background-position":"center center","background-size":"auto","background-attachment":"scroll","background-type":"","background-media":"","overlay-type":"","overlay-color":"","overlay-gradient":""},"tablet":{"background-color":"","background-image":"","background-repeat":"repeat","background-position":"center center","background-size":"auto","background-attachment":"scroll","background-type":"","background-media":"","overlay-type":"","overlay-color":"","overlay-gradient":""},"mobile":{"background-color":"","background-image":"","background-repeat":"repeat","background-position":"center center","background-size":"auto","background-attachment":"scroll","background-type":"","background-media":"","overlay-type":"","overlay-color":"","overlay-gradient":""}},"ast-content-background-meta":{"desktop":{"background-color":"var(--ast-global-color-5)","background-image":"","background-repeat":"repeat","background-position":"center center","background-size":"auto","background-attachment":"scroll","background-type":"","background-media":"","overlay-type":"","overlay-color":"","overlay-gradient":""},"tablet":{"background-color":"var(--ast-global-color-5)","background-image":"","background-repeat":"repeat","background-position":"center center","background-size":"auto","background-attachment":"scroll","background-type":"","background-media":"","overlay-type":"","overlay-color":"","overlay-gradient":""},"mobile":{"background-color":"var(--ast-global-color-5)","background-image":"","background-repeat":"repeat","background-position":"center center","background-size":"auto","background-attachment":"scroll","background-type":"","background-media":"","overlay-type":"","overlay-color":"","overlay-gradient":""}}},"acf":[],"yoast_head":"<!-- This site is optimized with the Yoast SEO plugin v21.4 - https:\/\/yoast.com\/wordpress\/plugins\/seo\/ -->\n<title>Contacts - Ac Rolcar<\/title>\n<meta name=\"robots\" content=\"index, follow, max-snippet:-1, max-image-preview:large, max-video-preview:-1\" \/>\n<link rel=\"canonical\" href=\"https:\/\/www.acrolcar.it\/fr\/contacts\/\" \/>\n<meta property=\"og:locale\" content=\"fr_FR\" \/>\n<meta property=\"og:type\" content=\"article\" \/>\n<meta property=\"og:title\" content=\"Contacts - Ac Rolcar\" \/>\n<meta property=\"og:description\" content=\"Responsable de zone\" \/>\n<meta property=\"og:url\" content=\"https:\/\/www.acrolcar.it\/fr\/contacts\/\" \/>\n<meta property=\"og:site_name\" content=\"Ac Rolcar\" \/>\n<meta property=\"article:modified_time\" content=\"2025-10-03T09:26:06+00:00\" \/>\n<meta name=\"twitter:card\" content=\"summary_large_image\" \/>\n<meta name=\"twitter:label1\" content=\"Dur\u00e9e de lecture estim\u00e9e\" \/>\n\t<meta name=\"twitter:data1\" content=\"1 minute\" \/>\n<script type=\"application\/ld+json\" class=\"yoast-schema-graph\">{\"@context\":\"https:\/\/schema.org\",\"@graph\":[{\"@type\":\"WebPage\",\"@id\":\"https:\/\/www.acrolcar.it\/fr\/contacts\/\",\"url\":\"https:\/\/www.acrolcar.it\/fr\/contacts\/\",\"name\":\"Contacts - Ac Rolcar\",\"isPartOf\":{\"@id\":\"https:\/\/www.acrolcar.it\/#website\"},\"datePublished\":\"2021-08-18T12:48:30+00:00\",\"dateModified\":\"2025-10-03T09:26:06+00:00\",\"breadcrumb\":{\"@id\":\"https:\/\/www.acrolcar.it\/fr\/contacts\/#breadcrumb\"},\"inLanguage\":\"fr-FR\",\"potentialAction\":[{\"@type\":\"ReadAction\",\"target\":[\"https:\/\/www.acrolcar.it\/fr\/contacts\/\"]}]},{\"@type\":\"BreadcrumbList\",\"@id\":\"https:\/\/www.acrolcar.it\/fr\/contacts\/#breadcrumb\",\"itemListElement\":[{\"@type\":\"ListItem\",\"position\":1,\"name\":\"Home\",\"item\":\"https:\/\/www.acrolcar.it\/fr\/\"},{\"@type\":\"ListItem\",\"position\":2,\"name\":\"Contacts\"}]},{\"@type\":\"WebSite\",\"@id\":\"https:\/\/www.acrolcar.it\/#website\",\"url\":\"https:\/\/www.acrolcar.it\/\",\"name\":\"Ac Rolcar\",\"description\":\"\",\"publisher\":{\"@id\":\"https:\/\/www.acrolcar.it\/#organization\"},\"potentialAction\":[{\"@type\":\"SearchAction\",\"target\":{\"@type\":\"EntryPoint\",\"urlTemplate\":\"https:\/\/www.acrolcar.it\/?s={search_term_string}\"},\"query-input\":\"required name=search_term_string\"}],\"inLanguage\":\"fr-FR\"},{\"@type\":\"Organization\",\"@id\":\"https:\/\/www.acrolcar.it\/#organization\",\"name\":\"Ac Rolcar\",\"url\":\"https:\/\/www.acrolcar.it\/\",\"logo\":{\"@type\":\"ImageObject\",\"inLanguage\":\"fr-FR\",\"@id\":\"https:\/\/www.acrolcar.it\/#\/schema\/logo\/image\/\",\"url\":\"https:\/\/www.acrolcar.it\/wp-content\/uploads\/2023\/09\/Tavola-disegno-1-5.png\",\"contentUrl\":\"https:\/\/www.acrolcar.it\/wp-content\/uploads\/2023\/09\/Tavola-disegno-1-5.png\",\"width\":221,\"height\":101,\"caption\":\"Ac Rolcar\"},\"image\":{\"@id\":\"https:\/\/www.acrolcar.it\/#\/schema\/logo\/image\/\"}}]}<\/script>\n<!-- \/ Yoast SEO plugin. -->","yoast_head_json":{"title":"Contacts - Ac Rolcar","robots":{"index":"index","follow":"follow","max-snippet":"max-snippet:-1","max-image-preview":"max-image-preview:large","max-video-preview":"max-video-preview:-1"},"canonical":"https:\/\/www.acrolcar.it\/fr\/contacts\/","og_locale":"fr_FR","og_type":"article","og_title":"Contacts - Ac Rolcar","og_description":"Responsable de zone","og_url":"https:\/\/www.acrolcar.it\/fr\/contacts\/","og_site_name":"Ac Rolcar","article_modified_time":"2025-10-03T09:26:06+00:00","twitter_card":"summary_large_image","twitter_misc":{"Dur\u00e9e de lecture estim\u00e9e":"1 minute"},"schema":{"@context":"https:\/\/schema.org","@graph":[{"@type":"WebPage","@id":"https:\/\/www.acrolcar.it\/fr\/contacts\/","url":"https:\/\/www.acrolcar.it\/fr\/contacts\/","name":"Contacts - Ac Rolcar","isPartOf":{"@id":"https:\/\/www.acrolcar.it\/#website"},"datePublished":"2021-08-18T12:48:30+00:00","dateModified":"2025-10-03T09:26:06+00:00","breadcrumb":{"@id":"https:\/\/www.acrolcar.it\/fr\/contacts\/#breadcrumb"},"inLanguage":"fr-FR","potentialAction":[{"@type":"ReadAction","target":["https:\/\/www.acrolcar.it\/fr\/contacts\/"]}]},{"@type":"BreadcrumbList","@id":"https:\/\/www.acrolcar.it\/fr\/contacts\/#breadcrumb","itemListElement":[{"@type":"ListItem","position":1,"name":"Home","item":"https:\/\/www.acrolcar.it\/fr\/"},{"@type":"ListItem","position":2,"name":"Contacts"}]},{"@type":"WebSite","@id":"https:\/\/www.acrolcar.it\/#website","url":"https:\/\/www.acrolcar.it\/","name":"Ac Rolcar","description":"","publisher":{"@id":"https:\/\/www.acrolcar.it\/#organization"},"potentialAction":[{"@type":"SearchAction","target":{"@type":"EntryPoint","urlTemplate":"https:\/\/www.acrolcar.it\/?s={search_term_string}"},"query-input":"required name=search_term_string"}],"inLanguage":"fr-FR"},{"@type":"Organization","@id":"https:\/\/www.acrolcar.it\/#organization","name":"Ac Rolcar","url":"https:\/\/www.acrolcar.it\/","logo":{"@type":"ImageObject","inLanguage":"fr-FR","@id":"https:\/\/www.acrolcar.it\/#\/schema\/logo\/image\/","url":"https:\/\/www.acrolcar.it\/wp-content\/uploads\/2023\/09\/Tavola-disegno-1-5.png","contentUrl":"https:\/\/www.acrolcar.it\/wp-content\/uploads\/2023\/09\/Tavola-disegno-1-5.png","width":221,"height":101,"caption":"Ac Rolcar"},"image":{"@id":"https:\/\/www.acrolcar.it\/#\/schema\/logo\/image\/"}}]}},"uagb_featured_image_src":{"full":false,"thumbnail":false,"medium":false,"medium_large":false,"large":false,"1536x1536":false,"2048x2048":false,"woocommerce_thumbnail":false,"woocommerce_single":false,"woocommerce_gallery_thumbnail":false},"uagb_author_info":{"display_name":"Emanuele Rucci","author_link":"https:\/\/www.acrolcar.it\/fr\/author\/syndev\/"},"uagb_comment_info":0,"uagb_excerpt":"Responsable de zone","_links":{"self":[{"href":"https:\/\/www.acrolcar.it\/fr\/wp-json\/wp\/v2\/pages\/3389"}],"collection":[{"href":"https:\/\/www.acrolcar.it\/fr\/wp-json\/wp\/v2\/pages"}],"about":[{"href":"https:\/\/www.acrolcar.it\/fr\/wp-json\/wp\/v2\/types\/page"}],"author":[{"embeddable":true,"href":"https:\/\/www.acrolcar.it\/fr\/wp-json\/wp\/v2\/users\/2"}],"replies":[{"embeddable":true,"href":"https:\/\/www.acrolcar.it\/fr\/wp-json\/wp\/v2\/comments?post=3389"}],"version-history":[{"count":27,"href":"https:\/\/www.acrolcar.it\/fr\/wp-json\/wp\/v2\/pages\/3389\/revisions"}],"predecessor-version":[{"id":9318,"href":"https:\/\/www.acrolcar.it\/fr\/wp-json\/wp\/v2\/pages\/3389\/revisions\/9318"}],"wp:attachment":[{"href":"https:\/\/www.acrolcar.it\/fr\/wp-json\/wp\/v2\/media?parent=3389"}],"curies":[{"name":"wp","href":"https:\/\/api.w.org\/{rel}","templated":true}]}}