{"id":3385,"date":"2021-08-13T13:18:07","date_gmt":"2021-08-13T11:18:07","guid":{"rendered":"https:\/\/www.acrolcar.it\/telechargement\/"},"modified":"2024-04-29T10:04:56","modified_gmt":"2024-04-29T08:04:56","slug":"telechargement","status":"publish","type":"page","link":"https:\/\/www.acrolcar.it\/fr\/telechargement\/","title":{"rendered":"T\u00e9l\u00e9chargement"},"content":{"rendered":"\r\n<div id=\"header-block_8483f200009840867cbfa9cc05757824\" class=\" col-12\">\r\n  <h1 class=\"titolo\">T\u00c9L\u00c9CHARGEMENT<\/h1>\r\n  <h3 class=\"sottotitolo\"><\/h3>\r\n  <style>\r\n  #header-block_8483f200009840867cbfa9cc05757824{\r\n    background: linear-gradient(0deg, rgba(0, 0, 0, 0.4), rgba(0, 0, 0, 0.4)), url(\"<br \/>\n<b>Notice<\/b>:  Trying to access array offset on value of type bool in <b>\/var\/www\/html\/wp-content\/themes\/custom-child\/template-parts\/header\/header.php<\/b> on line <b>33<\/b><br \/>\n\") ;\r\n    background-repeat:no-repeat;\r\n    background-size: cover;\r\n    background-position: center;  \r\n    height: 30vh;\r\n    display: flex;\r\n    justify-content: center;\r\n    flex-direction: column;\r\n    align-items: center;\r\n  }\r\n  <\/style>\r\n<\/div>\n\n\n<div class=\"wp-block-uagb-container uagb-block-c072717e default uagb-is-root-container\">\n<h2 class=\"sottotitolo-blue\" style=\"text-align:center; padding: 5vh 0px 5vh 0px !important; margin:0; font-size: 40px !important;\">T\u00c9L\u00c9CHARGEZ LES CATALOGUES ET D\u00c9COUVREZ MAINTENANT NOTRE GAMME DE PRODUITS!<\/h2>\n<\/div>\n\n\n\n<div style=\"height:53px\" aria-hidden=\"true\" class=\"wp-block-spacer\"><\/div>\n\n\n\n<figure class=\"wp-block-gallery alignwide has-nested-images columns-default is-cropped wp-block-gallery-1 is-layout-flex\">\n<figure class=\"wp-block-image size-large\"><a href=\"https:\/\/portale.acrolcar.it\/bpportal\/images\/mail\/ac_rolcar_catalogue_2021_compressed.pdf\" target=\"_blank\" rel=\"noreferrer noopener\"><img decoding=\"async\" loading=\"lazy\" width=\"794\" height=\"596\" data-id=\"3108\"  src=\"https:\/\/www.acrolcar.it\/wp-content\/uploads\/2023\/09\/RC_1.jpg\" alt=\"\" class=\"wp-image-3108\"\/><\/a><\/figure>\n\n\n\n<figure class=\"wp-block-image size-large\"><a href=\"https:\/\/portale.acrolcar.it\/bpportal\/images\/mail\/catalogo_liftsystem_2021_compressed.pdf\" target=\"_blank\" rel=\"noreferrer noopener\"><img decoding=\"async\" loading=\"lazy\" width=\"793\" height=\"596\" data-id=\"3116\"  src=\"https:\/\/www.acrolcar.it\/wp-content\/uploads\/2023\/09\/LS_1.jpg\" alt=\"\" class=\"wp-image-3116\" srcset=\"https:\/\/www.acrolcar.it\/wp-content\/uploads\/2023\/09\/LS_1.jpg 793w, https:\/\/www.acrolcar.it\/wp-content\/uploads\/2023\/09\/LS_1-300x225.jpg 300w, https:\/\/www.acrolcar.it\/wp-content\/uploads\/2023\/09\/LS_1-768x577.jpg 768w, https:\/\/www.acrolcar.it\/wp-content\/uploads\/2023\/09\/LS_1-600x451.jpg 600w\" sizes=\"(max-width: 793px) 100vw, 793px\" \/><\/a><\/figure>\n\n\n\n<figure class=\"wp-block-image\"><a href=\"https:\/\/portale.acrolcar.it\/bpportal\/images\/mail\/catalogo_siccom_2021_compressed.pdf\" target=\"_blank\" rel=\"noreferrer noopener\"><img decoding=\"async\" src=\"https:\/\/www.acrolcar.it\/wp-content\/uploads\/2023\/09\/SC_1.jpg\" alt=\"Questa immagine ha l'attributo alt vuoto; il nome del file \u00e8 SC_1.jpg\"\/><\/a><\/figure>\n\n\n\n<figure class=\"wp-block-image size-large\"><a href=\"https:\/\/portale.acrolcar.it\/bpportal\/images\/mail\/new_acrolcar_cat_2023.pdf\" target=\"_blank\" rel=\"noreferrer noopener\"><img decoding=\"async\" loading=\"lazy\" width=\"792\" height=\"595\" data-id=\"3086\"  src=\"https:\/\/www.acrolcar.it\/wp-content\/uploads\/2023\/09\/AC_NEW_1.jpg\" alt=\"\" class=\"wp-image-3086\" srcset=\"https:\/\/www.acrolcar.it\/wp-content\/uploads\/2023\/09\/AC_NEW_1.jpg 792w, https:\/\/www.acrolcar.it\/wp-content\/uploads\/2023\/09\/AC_NEW_1-300x225.jpg 300w, https:\/\/www.acrolcar.it\/wp-content\/uploads\/2023\/09\/AC_NEW_1-768x577.jpg 768w, https:\/\/www.acrolcar.it\/wp-content\/uploads\/2023\/09\/AC_NEW_1-600x451.jpg 600w\" sizes=\"(max-width: 792px) 100vw, 792px\" \/><\/a><\/figure>\n\n\n\n<figure class=\"wp-block-image size-large\"><a href=\"https:\/\/portale.acrolcar.it\/bpportal\/images\/mail\/Industriali_v1.pdf\" target=\"_blank\" rel=\"noreferrer noopener\"><img decoding=\"async\" loading=\"lazy\" width=\"794\" height=\"596\" data-id=\"3059\"  src=\"https:\/\/www.acrolcar.it\/wp-content\/uploads\/2023\/09\/VI_1.jpg\" alt=\"\" class=\"wp-image-3059\"\/><\/a><\/figure>\n\n\n\n<figure class=\"wp-block-image size-large\"><a href=\"https:\/\/portale.acrolcar.it\/bpportal\/images\/mail\/catalogo_alzacristalli_VI_2022.pdf\" target=\"_blank\" rel=\"noreferrer noopener\"><img decoding=\"async\" loading=\"lazy\" width=\"792\" height=\"595\" data-id=\"3074\"  src=\"https:\/\/www.acrolcar.it\/wp-content\/uploads\/2023\/09\/VI_AC_1.jpg\" alt=\"\" class=\"wp-image-3074\" srcset=\"https:\/\/www.acrolcar.it\/wp-content\/uploads\/2023\/09\/VI_AC_1.jpg 792w, https:\/\/www.acrolcar.it\/wp-content\/uploads\/2023\/09\/VI_AC_1-300x225.jpg 300w, https:\/\/www.acrolcar.it\/wp-content\/uploads\/2023\/09\/VI_AC_1-768x577.jpg 768w, https:\/\/www.acrolcar.it\/wp-content\/uploads\/2023\/09\/VI_AC_1-600x451.jpg 600w\" sizes=\"(max-width: 792px) 100vw, 792px\" \/><\/a><\/figure>\n\n\n\n<figure class=\"wp-block-image size-large\"><a href=\"https:\/\/portale.acrolcar.it\/bpportal\/images\/mail\/Cat_Maniglie&amp;Serrature_22.pdf\" target=\"_blank\" rel=\"noreferrer noopener\"><img decoding=\"async\" loading=\"lazy\" width=\"794\" height=\"596\" data-id=\"3055\"  src=\"https:\/\/www.acrolcar.it\/wp-content\/uploads\/2023\/09\/maniglieserrature_1jpg.jpg\" alt=\"\" class=\"wp-image-3055\" srcset=\"https:\/\/www.acrolcar.it\/wp-content\/uploads\/2023\/09\/maniglieserrature_1jpg.jpg 794w, https:\/\/www.acrolcar.it\/wp-content\/uploads\/2023\/09\/maniglieserrature_1jpg-300x225.jpg 300w, https:\/\/www.acrolcar.it\/wp-content\/uploads\/2023\/09\/maniglieserrature_1jpg-768x576.jpg 768w, https:\/\/www.acrolcar.it\/wp-content\/uploads\/2023\/09\/maniglieserrature_1jpg-600x450.jpg 600w\" sizes=\"(max-width: 794px) 100vw, 794px\" \/><\/a><\/figure>\n\n\n\n<figure class=\"wp-block-image size-full\"><a href=\"https:\/\/portale.acrolcar.it\/bpportal\/images\/mail\/CATALOGO-SICCOM-2022-web-compresso.pdf\" target=\"_blank\" rel=\"noreferrer noopener\"><img decoding=\"async\" loading=\"lazy\" width=\"795\" height=\"596\" data-id=\"3063\"  src=\"https:\/\/www.acrolcar.it\/wp-content\/uploads\/2023\/09\/SICCOM_1.jpg\" alt=\"\" class=\"wp-image-3063\" srcset=\"https:\/\/www.acrolcar.it\/wp-content\/uploads\/2023\/09\/SICCOM_1.jpg 795w, https:\/\/www.acrolcar.it\/wp-content\/uploads\/2023\/09\/SICCOM_1-300x225.jpg 300w, https:\/\/www.acrolcar.it\/wp-content\/uploads\/2023\/09\/SICCOM_1-768x576.jpg 768w, https:\/\/www.acrolcar.it\/wp-content\/uploads\/2023\/09\/SICCOM_1-600x450.jpg 600w\" sizes=\"(max-width: 795px) 100vw, 795px\" \/><\/a><\/figure>\n\n\n\n<figure class=\"wp-block-image size-full\"><a href=\"https:\/\/portale.acrolcar.it\/bpportal\/images\/mail\/500_126_127_storica.pdf\" target=\"_blank\" rel=\"noreferrer noopener\"><img decoding=\"async\" loading=\"lazy\" width=\"795\" height=\"596\" data-id=\"3090\"  src=\"https:\/\/www.acrolcar.it\/wp-content\/uploads\/2023\/09\/500_1.jpg\" alt=\"\" class=\"wp-image-3090\" srcset=\"https:\/\/www.acrolcar.it\/wp-content\/uploads\/2023\/09\/500_1.jpg 795w, https:\/\/www.acrolcar.it\/wp-content\/uploads\/2023\/09\/500_1-300x225.jpg 300w, https:\/\/www.acrolcar.it\/wp-content\/uploads\/2023\/09\/500_1-768x576.jpg 768w, https:\/\/www.acrolcar.it\/wp-content\/uploads\/2023\/09\/500_1-600x450.jpg 600w\" sizes=\"(max-width: 795px) 100vw, 795px\" \/><\/a><\/figure>\n<\/figure>\n\n\n\n<p><\/p>\n\n\n\n<div class=\"wp-block-media-text alignwide is-stacked-on-mobile\" style=\"grid-template-columns:15% auto\"><figure class=\"wp-block-media-text__media\"><img decoding=\"async\" loading=\"lazy\" width=\"1024\" height=\"378\" src=\"https:\/\/www.acrolcar.it\/wp-content\/uploads\/2024\/04\/TR-Testmark_9108654438_EN_CMYK_with-QR-Code-1-1024x378.jpg\" alt=\"\" class=\"wp-image-3457 size-full\" srcset=\"https:\/\/www.acrolcar.it\/wp-content\/uploads\/2024\/04\/TR-Testmark_9108654438_EN_CMYK_with-QR-Code-1-1024x378.jpg 1024w, https:\/\/www.acrolcar.it\/wp-content\/uploads\/2024\/04\/TR-Testmark_9108654438_EN_CMYK_with-QR-Code-1-300x111.jpg 300w, https:\/\/www.acrolcar.it\/wp-content\/uploads\/2024\/04\/TR-Testmark_9108654438_EN_CMYK_with-QR-Code-1-768x283.jpg 768w, https:\/\/www.acrolcar.it\/wp-content\/uploads\/2024\/04\/TR-Testmark_9108654438_EN_CMYK_with-QR-Code-1-1536x567.jpg 1536w, https:\/\/www.acrolcar.it\/wp-content\/uploads\/2024\/04\/TR-Testmark_9108654438_EN_CMYK_with-QR-Code-1-600x221.jpg 600w, https:\/\/www.acrolcar.it\/wp-content\/uploads\/2024\/04\/TR-Testmark_9108654438_EN_CMYK_with-QR-Code-1.jpg 1965w\" sizes=\"(max-width: 1024px) 100vw, 1024px\" \/><\/figure><div class=\"wp-block-media-text__content\">\n<p><strong>Certificat ISO 14001<\/strong><\/p>\n<\/div><\/div>\n\n\n\n<p><\/p>\n","protected":false},"excerpt":{"rendered":"<p>T\u00c9L\u00c9CHARGEZ LES CATALOGUES ET D\u00c9COUVREZ MAINTENANT NOTRE GAMME DE PRODUITS! Certificat ISO [&hellip;]<\/p>\n","protected":false},"author":2,"featured_media":0,"parent":0,"menu_order":0,"comment_status":"closed","ping_status":"closed","template":"","meta":{"_uag_custom_page_level_css":"","site-sidebar-layout":"no-sidebar","site-content-layout":"page-builder","ast-site-content-layout":"full-width-container","site-content-style":"unboxed","site-sidebar-style":"unboxed","ast-global-header-display":"","ast-banner-title-visibility":"","ast-main-header-display":"","ast-hfb-above-header-display":"","ast-hfb-below-header-display":"","ast-hfb-mobile-header-display":"","site-post-title":"disabled","ast-breadcrumbs-content":"","ast-featured-img":"","footer-sml-layout":"","theme-transparent-header-meta":"default","adv-header-id-meta":"","stick-header-meta":"default","header-above-stick-meta":"","header-main-stick-meta":"","header-below-stick-meta":"","astra-migrate-meta-layouts":"set","ast-page-background-enabled":"default","ast-page-background-meta":{"desktop":{"background-color":"","background-image":"","background-repeat":"repeat","background-position":"center center","background-size":"auto","background-attachment":"scroll","background-type":"","background-media":"","overlay-type":"","overlay-color":"","overlay-gradient":""},"tablet":{"background-color":"","background-image":"","background-repeat":"repeat","background-position":"center center","background-size":"auto","background-attachment":"scroll","background-type":"","background-media":"","overlay-type":"","overlay-color":"","overlay-gradient":""},"mobile":{"background-color":"","background-image":"","background-repeat":"repeat","background-position":"center center","background-size":"auto","background-attachment":"scroll","background-type":"","background-media":"","overlay-type":"","overlay-color":"","overlay-gradient":""}},"ast-content-background-meta":{"desktop":{"background-color":"var(--ast-global-color-5)","background-image":"","background-repeat":"repeat","background-position":"center center","background-size":"auto","background-attachment":"scroll","background-type":"","background-media":"","overlay-type":"","overlay-color":"","overlay-gradient":""},"tablet":{"background-color":"var(--ast-global-color-5)","background-image":"","background-repeat":"repeat","background-position":"center center","background-size":"auto","background-attachment":"scroll","background-type":"","background-media":"","overlay-type":"","overlay-color":"","overlay-gradient":""},"mobile":{"background-color":"var(--ast-global-color-5)","background-image":"","background-repeat":"repeat","background-position":"center center","background-size":"auto","background-attachment":"scroll","background-type":"","background-media":"","overlay-type":"","overlay-color":"","overlay-gradient":""}}},"acf":[],"yoast_head":"<!-- This site is optimized with the Yoast SEO plugin v21.4 - https:\/\/yoast.com\/wordpress\/plugins\/seo\/ -->\n<title>T\u00e9l\u00e9chargement - Ac Rolcar<\/title>\n<meta name=\"robots\" content=\"index, follow, max-snippet:-1, max-image-preview:large, max-video-preview:-1\" \/>\n<link rel=\"canonical\" href=\"https:\/\/www.acrolcar.it\/fr\/telechargement\/\" \/>\n<meta property=\"og:locale\" content=\"fr_FR\" \/>\n<meta property=\"og:type\" content=\"article\" \/>\n<meta property=\"og:title\" content=\"T\u00e9l\u00e9chargement - Ac Rolcar\" \/>\n<meta property=\"og:description\" content=\"T\u00c9L\u00c9CHARGEZ LES CATALOGUES ET D\u00c9COUVREZ MAINTENANT NOTRE GAMME DE PRODUITS! Certificat ISO [&hellip;]\" \/>\n<meta property=\"og:url\" content=\"https:\/\/www.acrolcar.it\/fr\/telechargement\/\" \/>\n<meta property=\"og:site_name\" content=\"Ac Rolcar\" \/>\n<meta property=\"article:modified_time\" content=\"2024-04-29T08:04:56+00:00\" \/>\n<meta property=\"og:image\" content=\"https:\/\/www.acrolcar.it\/wp-content\/uploads\/2023\/09\/RC_1.jpg\" \/>\n<meta name=\"twitter:card\" content=\"summary_large_image\" \/>\n<meta name=\"twitter:label1\" content=\"Dur\u00e9e de lecture estim\u00e9e\" \/>\n\t<meta name=\"twitter:data1\" content=\"3 minutes\" \/>\n<script type=\"application\/ld+json\" class=\"yoast-schema-graph\">{\"@context\":\"https:\/\/schema.org\",\"@graph\":[{\"@type\":\"WebPage\",\"@id\":\"https:\/\/www.acrolcar.it\/fr\/telechargement\/\",\"url\":\"https:\/\/www.acrolcar.it\/fr\/telechargement\/\",\"name\":\"T\u00e9l\u00e9chargement - Ac Rolcar\",\"isPartOf\":{\"@id\":\"https:\/\/www.acrolcar.it\/#website\"},\"datePublished\":\"2021-08-13T11:18:07+00:00\",\"dateModified\":\"2024-04-29T08:04:56+00:00\",\"breadcrumb\":{\"@id\":\"https:\/\/www.acrolcar.it\/fr\/telechargement\/#breadcrumb\"},\"inLanguage\":\"fr-FR\",\"potentialAction\":[{\"@type\":\"ReadAction\",\"target\":[\"https:\/\/www.acrolcar.it\/fr\/telechargement\/\"]}]},{\"@type\":\"BreadcrumbList\",\"@id\":\"https:\/\/www.acrolcar.it\/fr\/telechargement\/#breadcrumb\",\"itemListElement\":[{\"@type\":\"ListItem\",\"position\":1,\"name\":\"Home\",\"item\":\"https:\/\/www.acrolcar.it\/fr\/\"},{\"@type\":\"ListItem\",\"position\":2,\"name\":\"T\u00e9l\u00e9chargement\"}]},{\"@type\":\"WebSite\",\"@id\":\"https:\/\/www.acrolcar.it\/#website\",\"url\":\"https:\/\/www.acrolcar.it\/\",\"name\":\"Ac Rolcar\",\"description\":\"\",\"publisher\":{\"@id\":\"https:\/\/www.acrolcar.it\/#organization\"},\"potentialAction\":[{\"@type\":\"SearchAction\",\"target\":{\"@type\":\"EntryPoint\",\"urlTemplate\":\"https:\/\/www.acrolcar.it\/?s={search_term_string}\"},\"query-input\":\"required name=search_term_string\"}],\"inLanguage\":\"fr-FR\"},{\"@type\":\"Organization\",\"@id\":\"https:\/\/www.acrolcar.it\/#organization\",\"name\":\"Ac Rolcar\",\"url\":\"https:\/\/www.acrolcar.it\/\",\"logo\":{\"@type\":\"ImageObject\",\"inLanguage\":\"fr-FR\",\"@id\":\"https:\/\/www.acrolcar.it\/#\/schema\/logo\/image\/\",\"url\":\"https:\/\/www.acrolcar.it\/wp-content\/uploads\/2023\/09\/Tavola-disegno-1-5.png\",\"contentUrl\":\"https:\/\/www.acrolcar.it\/wp-content\/uploads\/2023\/09\/Tavola-disegno-1-5.png\",\"width\":221,\"height\":101,\"caption\":\"Ac Rolcar\"},\"image\":{\"@id\":\"https:\/\/www.acrolcar.it\/#\/schema\/logo\/image\/\"}}]}<\/script>\n<!-- \/ Yoast SEO plugin. -->","yoast_head_json":{"title":"T\u00e9l\u00e9chargement - Ac Rolcar","robots":{"index":"index","follow":"follow","max-snippet":"max-snippet:-1","max-image-preview":"max-image-preview:large","max-video-preview":"max-video-preview:-1"},"canonical":"https:\/\/www.acrolcar.it\/fr\/telechargement\/","og_locale":"fr_FR","og_type":"article","og_title":"T\u00e9l\u00e9chargement - Ac Rolcar","og_description":"T\u00c9L\u00c9CHARGEZ LES CATALOGUES ET D\u00c9COUVREZ MAINTENANT NOTRE GAMME DE PRODUITS! Certificat ISO [&hellip;]","og_url":"https:\/\/www.acrolcar.it\/fr\/telechargement\/","og_site_name":"Ac Rolcar","article_modified_time":"2024-04-29T08:04:56+00:00","og_image":[{"url":"https:\/\/www.acrolcar.it\/wp-content\/uploads\/2023\/09\/RC_1.jpg"}],"twitter_card":"summary_large_image","twitter_misc":{"Dur\u00e9e de lecture estim\u00e9e":"3 minutes"},"schema":{"@context":"https:\/\/schema.org","@graph":[{"@type":"WebPage","@id":"https:\/\/www.acrolcar.it\/fr\/telechargement\/","url":"https:\/\/www.acrolcar.it\/fr\/telechargement\/","name":"T\u00e9l\u00e9chargement - Ac Rolcar","isPartOf":{"@id":"https:\/\/www.acrolcar.it\/#website"},"datePublished":"2021-08-13T11:18:07+00:00","dateModified":"2024-04-29T08:04:56+00:00","breadcrumb":{"@id":"https:\/\/www.acrolcar.it\/fr\/telechargement\/#breadcrumb"},"inLanguage":"fr-FR","potentialAction":[{"@type":"ReadAction","target":["https:\/\/www.acrolcar.it\/fr\/telechargement\/"]}]},{"@type":"BreadcrumbList","@id":"https:\/\/www.acrolcar.it\/fr\/telechargement\/#breadcrumb","itemListElement":[{"@type":"ListItem","position":1,"name":"Home","item":"https:\/\/www.acrolcar.it\/fr\/"},{"@type":"ListItem","position":2,"name":"T\u00e9l\u00e9chargement"}]},{"@type":"WebSite","@id":"https:\/\/www.acrolcar.it\/#website","url":"https:\/\/www.acrolcar.it\/","name":"Ac Rolcar","description":"","publisher":{"@id":"https:\/\/www.acrolcar.it\/#organization"},"potentialAction":[{"@type":"SearchAction","target":{"@type":"EntryPoint","urlTemplate":"https:\/\/www.acrolcar.it\/?s={search_term_string}"},"query-input":"required name=search_term_string"}],"inLanguage":"fr-FR"},{"@type":"Organization","@id":"https:\/\/www.acrolcar.it\/#organization","name":"Ac Rolcar","url":"https:\/\/www.acrolcar.it\/","logo":{"@type":"ImageObject","inLanguage":"fr-FR","@id":"https:\/\/www.acrolcar.it\/#\/schema\/logo\/image\/","url":"https:\/\/www.acrolcar.it\/wp-content\/uploads\/2023\/09\/Tavola-disegno-1-5.png","contentUrl":"https:\/\/www.acrolcar.it\/wp-content\/uploads\/2023\/09\/Tavola-disegno-1-5.png","width":221,"height":101,"caption":"Ac Rolcar"},"image":{"@id":"https:\/\/www.acrolcar.it\/#\/schema\/logo\/image\/"}}]}},"uagb_featured_image_src":{"full":false,"thumbnail":false,"medium":false,"medium_large":false,"large":false,"1536x1536":false,"2048x2048":false,"woocommerce_thumbnail":false,"woocommerce_single":false,"woocommerce_gallery_thumbnail":false},"uagb_author_info":{"display_name":"Emanuele Rucci","author_link":"https:\/\/www.acrolcar.it\/fr\/author\/syndev\/"},"uagb_comment_info":0,"uagb_excerpt":"T\u00c9L\u00c9CHARGEZ LES CATALOGUES ET D\u00c9COUVREZ MAINTENANT NOTRE GAMME DE PRODUITS! Certificat ISO [&hellip;]","_links":{"self":[{"href":"https:\/\/www.acrolcar.it\/fr\/wp-json\/wp\/v2\/pages\/3385"}],"collection":[{"href":"https:\/\/www.acrolcar.it\/fr\/wp-json\/wp\/v2\/pages"}],"about":[{"href":"https:\/\/www.acrolcar.it\/fr\/wp-json\/wp\/v2\/types\/page"}],"author":[{"embeddable":true,"href":"https:\/\/www.acrolcar.it\/fr\/wp-json\/wp\/v2\/users\/2"}],"replies":[{"embeddable":true,"href":"https:\/\/www.acrolcar.it\/fr\/wp-json\/wp\/v2\/comments?post=3385"}],"version-history":[{"count":5,"href":"https:\/\/www.acrolcar.it\/fr\/wp-json\/wp\/v2\/pages\/3385\/revisions"}],"predecessor-version":[{"id":3523,"href":"https:\/\/www.acrolcar.it\/fr\/wp-json\/wp\/v2\/pages\/3385\/revisions\/3523"}],"wp:attachment":[{"href":"https:\/\/www.acrolcar.it\/fr\/wp-json\/wp\/v2\/media?parent=3385"}],"curies":[{"name":"wp","href":"https:\/\/api.w.org\/{rel}","templated":true}]}}