{"id":3375,"date":"2021-08-13T16:30:41","date_gmt":"2021-08-13T14:30:41","guid":{"rendered":"https:\/\/www.acrolcar.it\/chaine-ac-rolcar\/"},"modified":"2024-03-22T17:08:42","modified_gmt":"2024-03-22T16:08:42","slug":"chaine-ac-rolcar","status":"publish","type":"page","link":"https:\/\/www.acrolcar.it\/fr\/chaine-ac-rolcar\/","title":{"rendered":"Cha\u00eene Ac Rolcar"},"content":{"rendered":"\r\n<div id=\"header-block_895aaf7562129f56588ff833a70b5645\" class=\" col-12\">\r\n  <h1 class=\"titolo\">Cha\u00eene Ac Rolcar<\/h1>\r\n  <h3 class=\"sottotitolo\">La cha\u00eene YouTube officielle d&rsquo;Ac Rolcar<\/h3>\r\n  <style>\r\n  #header-block_895aaf7562129f56588ff833a70b5645{\r\n    background: linear-gradient(0deg, rgba(0, 0, 0, 0.4), rgba(0, 0, 0, 0.4)), url(\"https:\/\/www.acrolcar.it\/wp-content\/uploads\/2023\/09\/ross-sneddon-0MBt0sGU8UA-unsplash-copia.jpg\") ;\r\n    background-repeat:no-repeat;\r\n    background-size: cover;\r\n    background-position: center;  \r\n    height: 30vh;\r\n    display: flex;\r\n    justify-content: center;\r\n    flex-direction: column;\r\n    align-items: center;\r\n  }\r\n  <\/style>\r\n<\/div>\n\n\r\n<div id=\"contenuto-doppia-colonna-block_9bdf16b8513addd3cb3b0cb20d655efb\" class=\" doppia-colonna\">\r\n  \r\n  <div  id=\"left-column\">\r\n    <h1 class=\"titolo-2\" style=\"margin-bottom: 30px !important;\">Vid\u00e9o tutoriel<\/h1>\r\n    <p><p>Nous voulons soutenir et faciliter le travail de ceux qui ach\u00e8tent et installent nos pi\u00e8ces, et le service apr\u00e8s-vente d&rsquo;Ac Rolcar est toujours disponible, m\u00eame en format num\u00e9rique.<br \/>\nEn plus des instructions num\u00e9riques, sur notre cha\u00eene YouTube officielle, vous pouvez trouver plus de 150 vid\u00e9os tutoriels qui vous expliquent, \u00e9tape par \u00e9tape, le montage du l\u00e8ve-vitre, afin qu&rsquo;il fonctionne correctement.<\/p>\n<p>Une aide pratique toujours accessible, pr\u00eate \u00e0 r\u00e9pondre \u00e0 toutes vos questions pour tous les l\u00e8ve-vitres difficiles \u00e0 installer.<\/p>\n<p>Acc\u00e9der y est tr\u00e8s simple, et la cha\u00eene est constamment mise \u00e0 jour avec de nouveaux tutoriels vid\u00e9o !<\/p>\n<p>Appuyez sur play : nous sommes l\u00e0 pour vous.<\/p>\n<\/p>\r\n    \r\n\r\n          <a href=\"https:\/\/www.youtube.com\/channel\/UCddLM3oMTDXzRaNH0usVz5A\" class=\"primary-button\">Visitez notre cha\u00eene<\/a>\r\n    \r\n  <\/div>\r\n  <div id=\"right-column\">\r\n    \r\n    \r\n          <div class=\"copertina_video\">\r\n        <a href=\"https:\/\/www.youtube.com\/channel\/UCddLM3oMTDXzRaNH0usVz5A\" >\r\n          <img decoding=\"async\" src=\"https:\/\/www.acrolcar.it\/wp-content\/uploads\/2023\/09\/sfondo_yt_2023_sito.jpg\" alt=\"\"\/>\r\n          <img decoding=\"async\" src=\"https:\/\/www.acrolcar.it\/wp-content\/themes\/custom-child\/resources\/images\/PlayBig_Icon.png\" class=\"play_icon\"\/>\r\n        <\/a>\r\n      <\/div>\r\n       \r\n\r\n  <\/div>\r\n<\/div>\n\n\r\n\r\n<div id=\"repeater-griglia-video-block_2eedf982fa7a54aa8fcd7dbb4f0d3682\" class=\" repeater-griglia-video\">\r\n\r\n  \r\n      <div class=\"video-wrapper\">\r\n            \r\n      <a href=\"https:\/\/www.youtube.com\/watch?v=sePq6Jnfhcc\" class=\"link-video-wrapper\">\r\n         <img decoding=\"async\" src=\"https:\/\/www.acrolcar.it\/wp-content\/uploads\/2023\/09\/Mini-018250-51-1.jpg\" alt=\"\" \/>\r\n         <p class='sottotitolo almostBlack'>Video Tutorial Alzacristalli Fiat 500X &#8211; 01.8250\/01.8251 &#8211; Ac Rolcar<\/p>      <\/a>\r\n     \r\n           \r\n      <a href=\"https:\/\/youtu.be\/yomuF5paoWA\" class=\"link-video-wrapper\">\r\n         <img decoding=\"async\" src=\"https:\/\/www.acrolcar.it\/wp-content\/uploads\/2023\/09\/010158-59.jpg\" alt=\"\" \/>\r\n         <p class='sottotitolo almostBlack'>Video Tutorial Alzacristalli Alfa Romeo Mito &#8211; 01.0158\/01.0159<\/p>      <\/a>\r\n     \r\n           \r\n      <a href=\"https:\/\/youtu.be\/1Aa076IR9YI\" class=\"link-video-wrapper\">\r\n         <img decoding=\"async\" src=\"https:\/\/www.acrolcar.it\/wp-content\/uploads\/2023\/09\/013532-33.jpg\" alt=\"\" \/>\r\n         <p class='sottotitolo almostBlack'>Video Tutorial Alzacristalli Bmw Serie 1 Coup\u00e8 &#8211; 01.3532\/01.3533<\/p>      <\/a>\r\n     \r\n           \r\n      <a href=\"https:\/\/youtu.be\/5SQ1c4N811s\" class=\"link-video-wrapper\">\r\n         <img decoding=\"async\" src=\"https:\/\/www.acrolcar.it\/wp-content\/uploads\/2023\/09\/018288-89.jpg\" alt=\"\" \/>\r\n         <p class='sottotitolo almostBlack'>Video Tutorial Alzacristalli Seat Arona &#8211; 01.8288\/01.8289<\/p>      <\/a>\r\n     \r\n           \r\n      <a href=\"https:\/\/youtu.be\/cq6gnc8Nz40\" class=\"link-video-wrapper\">\r\n         <img decoding=\"async\" src=\"https:\/\/www.acrolcar.it\/wp-content\/uploads\/2023\/09\/017994.95.jpg\" alt=\"\" \/>\r\n         <p class='sottotitolo almostBlack'>Video Tutorial Alzacristalli Citroen C5 &#8211; 01.7994\/01.7995<\/p>      <\/a>\r\n     \r\n           \r\n      <a href=\"https:\/\/youtu.be\/q9xatJ5MKSw\" class=\"link-video-wrapper\">\r\n         <img decoding=\"async\" src=\"https:\/\/www.acrolcar.it\/wp-content\/uploads\/2023\/09\/013846-47-1.jpg\" alt=\"\" \/>\r\n         <p class='sottotitolo almostBlack'>Video Tutorial Alzacristalli Renault M\u00e9gane &#8211; 01.3846\/01.3847<\/p>      <\/a>\r\n     \r\n           \r\n      <a href=\"https:\/\/youtu.be\/_kEyXJVo7yo\" class=\"link-video-wrapper\">\r\n         <img decoding=\"async\" src=\"https:\/\/www.acrolcar.it\/wp-content\/uploads\/2023\/09\/013830-31.jpg\" alt=\"\" \/>\r\n         <p class='sottotitolo almostBlack'>Video Tutorial Alzacristalli Renault Captur &#8211; 01.3830\/01.3831<\/p>      <\/a>\r\n     \r\n           \r\n      <a href=\"https:\/\/youtu.be\/AHT5fAd5cWA\" class=\"link-video-wrapper\">\r\n         <img decoding=\"async\" src=\"https:\/\/www.acrolcar.it\/wp-content\/uploads\/2023\/09\/013562-63.jpg\" alt=\"\" \/>\r\n         <p class='sottotitolo almostBlack'>Video Tutorial Alzacristalli Mini Cooper F55 &#8211; 01.3562\/01.3563<\/p>      <\/a>\r\n     \r\n           \r\n      <a href=\"https:\/\/youtu.be\/CB1rEepIrys\" class=\"link-video-wrapper\">\r\n         <img decoding=\"async\" src=\"https:\/\/www.acrolcar.it\/wp-content\/uploads\/2023\/09\/013042-43.jpg\" alt=\"\" \/>\r\n         <p class='sottotitolo almostBlack'>Video Tutorial Alzacristalli Ford Mondeo &rsquo;07 &#8211; 01.3042\/01.3043<\/p>      <\/a>\r\n     \r\n         <\/div>\r\n    \r\n<\/div>","protected":false},"excerpt":{"rendered":"","protected":false},"author":2,"featured_media":0,"parent":0,"menu_order":0,"comment_status":"closed","ping_status":"closed","template":"","meta":{"_uag_custom_page_level_css":"","site-sidebar-layout":"no-sidebar","site-content-layout":"page-builder","ast-site-content-layout":"","site-content-style":"default","site-sidebar-style":"default","ast-global-header-display":"","ast-banner-title-visibility":"","ast-main-header-display":"","ast-hfb-above-header-display":"","ast-hfb-below-header-display":"","ast-hfb-mobile-header-display":"","site-post-title":"disabled","ast-breadcrumbs-content":"","ast-featured-img":"","footer-sml-layout":"","theme-transparent-header-meta":"default","adv-header-id-meta":"","stick-header-meta":"default","header-above-stick-meta":"","header-main-stick-meta":"","header-below-stick-meta":"","astra-migrate-meta-layouts":"set","ast-page-background-enabled":"default","ast-page-background-meta":{"desktop":{"background-color":"","background-image":"","background-repeat":"repeat","background-position":"center center","background-size":"auto","background-attachment":"scroll","background-type":"","background-media":"","overlay-type":"","overlay-color":"","overlay-gradient":""},"tablet":{"background-color":"","background-image":"","background-repeat":"repeat","background-position":"center center","background-size":"auto","background-attachment":"scroll","background-type":"","background-media":"","overlay-type":"","overlay-color":"","overlay-gradient":""},"mobile":{"background-color":"","background-image":"","background-repeat":"repeat","background-position":"center center","background-size":"auto","background-attachment":"scroll","background-type":"","background-media":"","overlay-type":"","overlay-color":"","overlay-gradient":""}},"ast-content-background-meta":{"desktop":{"background-color":"var(--ast-global-color-5)","background-image":"","background-repeat":"repeat","background-position":"center center","background-size":"auto","background-attachment":"scroll","background-type":"","background-media":"","overlay-type":"","overlay-color":"","overlay-gradient":""},"tablet":{"background-color":"var(--ast-global-color-5)","background-image":"","background-repeat":"repeat","background-position":"center center","background-size":"auto","background-attachment":"scroll","background-type":"","background-media":"","overlay-type":"","overlay-color":"","overlay-gradient":""},"mobile":{"background-color":"var(--ast-global-color-5)","background-image":"","background-repeat":"repeat","background-position":"center center","background-size":"auto","background-attachment":"scroll","background-type":"","background-media":"","overlay-type":"","overlay-color":"","overlay-gradient":""}}},"acf":[],"yoast_head":"<!-- This site is optimized with the Yoast SEO plugin v21.4 - https:\/\/yoast.com\/wordpress\/plugins\/seo\/ -->\n<title>Cha\u00eene Ac Rolcar - Ac Rolcar<\/title>\n<meta name=\"robots\" content=\"index, follow, max-snippet:-1, max-image-preview:large, max-video-preview:-1\" \/>\n<link rel=\"canonical\" href=\"https:\/\/www.acrolcar.it\/fr\/chaine-ac-rolcar\/\" \/>\n<meta property=\"og:locale\" content=\"fr_FR\" \/>\n<meta property=\"og:type\" content=\"article\" \/>\n<meta property=\"og:title\" content=\"Cha\u00eene Ac Rolcar - Ac Rolcar\" \/>\n<meta property=\"og:url\" content=\"https:\/\/www.acrolcar.it\/fr\/chaine-ac-rolcar\/\" \/>\n<meta property=\"og:site_name\" content=\"Ac Rolcar\" \/>\n<meta property=\"article:modified_time\" content=\"2024-03-22T16:08:42+00:00\" \/>\n<meta name=\"twitter:card\" content=\"summary_large_image\" \/>\n<script type=\"application\/ld+json\" class=\"yoast-schema-graph\">{\"@context\":\"https:\/\/schema.org\",\"@graph\":[{\"@type\":\"WebPage\",\"@id\":\"https:\/\/www.acrolcar.it\/fr\/chaine-ac-rolcar\/\",\"url\":\"https:\/\/www.acrolcar.it\/fr\/chaine-ac-rolcar\/\",\"name\":\"Cha\u00eene Ac Rolcar - Ac Rolcar\",\"isPartOf\":{\"@id\":\"https:\/\/www.acrolcar.it\/#website\"},\"datePublished\":\"2021-08-13T14:30:41+00:00\",\"dateModified\":\"2024-03-22T16:08:42+00:00\",\"breadcrumb\":{\"@id\":\"https:\/\/www.acrolcar.it\/fr\/chaine-ac-rolcar\/#breadcrumb\"},\"inLanguage\":\"fr-FR\",\"potentialAction\":[{\"@type\":\"ReadAction\",\"target\":[\"https:\/\/www.acrolcar.it\/fr\/chaine-ac-rolcar\/\"]}]},{\"@type\":\"BreadcrumbList\",\"@id\":\"https:\/\/www.acrolcar.it\/fr\/chaine-ac-rolcar\/#breadcrumb\",\"itemListElement\":[{\"@type\":\"ListItem\",\"position\":1,\"name\":\"Home\",\"item\":\"https:\/\/www.acrolcar.it\/fr\/\"},{\"@type\":\"ListItem\",\"position\":2,\"name\":\"Cha\u00eene Ac Rolcar\"}]},{\"@type\":\"WebSite\",\"@id\":\"https:\/\/www.acrolcar.it\/#website\",\"url\":\"https:\/\/www.acrolcar.it\/\",\"name\":\"Ac Rolcar\",\"description\":\"\",\"publisher\":{\"@id\":\"https:\/\/www.acrolcar.it\/#organization\"},\"potentialAction\":[{\"@type\":\"SearchAction\",\"target\":{\"@type\":\"EntryPoint\",\"urlTemplate\":\"https:\/\/www.acrolcar.it\/?s={search_term_string}\"},\"query-input\":\"required name=search_term_string\"}],\"inLanguage\":\"fr-FR\"},{\"@type\":\"Organization\",\"@id\":\"https:\/\/www.acrolcar.it\/#organization\",\"name\":\"Ac Rolcar\",\"url\":\"https:\/\/www.acrolcar.it\/\",\"logo\":{\"@type\":\"ImageObject\",\"inLanguage\":\"fr-FR\",\"@id\":\"https:\/\/www.acrolcar.it\/#\/schema\/logo\/image\/\",\"url\":\"https:\/\/www.acrolcar.it\/wp-content\/uploads\/2023\/09\/Tavola-disegno-1-5.png\",\"contentUrl\":\"https:\/\/www.acrolcar.it\/wp-content\/uploads\/2023\/09\/Tavola-disegno-1-5.png\",\"width\":221,\"height\":101,\"caption\":\"Ac Rolcar\"},\"image\":{\"@id\":\"https:\/\/www.acrolcar.it\/#\/schema\/logo\/image\/\"}}]}<\/script>\n<!-- \/ Yoast SEO plugin. -->","yoast_head_json":{"title":"Cha\u00eene Ac Rolcar - Ac Rolcar","robots":{"index":"index","follow":"follow","max-snippet":"max-snippet:-1","max-image-preview":"max-image-preview:large","max-video-preview":"max-video-preview:-1"},"canonical":"https:\/\/www.acrolcar.it\/fr\/chaine-ac-rolcar\/","og_locale":"fr_FR","og_type":"article","og_title":"Cha\u00eene Ac Rolcar - Ac Rolcar","og_url":"https:\/\/www.acrolcar.it\/fr\/chaine-ac-rolcar\/","og_site_name":"Ac Rolcar","article_modified_time":"2024-03-22T16:08:42+00:00","twitter_card":"summary_large_image","schema":{"@context":"https:\/\/schema.org","@graph":[{"@type":"WebPage","@id":"https:\/\/www.acrolcar.it\/fr\/chaine-ac-rolcar\/","url":"https:\/\/www.acrolcar.it\/fr\/chaine-ac-rolcar\/","name":"Cha\u00eene Ac Rolcar - Ac Rolcar","isPartOf":{"@id":"https:\/\/www.acrolcar.it\/#website"},"datePublished":"2021-08-13T14:30:41+00:00","dateModified":"2024-03-22T16:08:42+00:00","breadcrumb":{"@id":"https:\/\/www.acrolcar.it\/fr\/chaine-ac-rolcar\/#breadcrumb"},"inLanguage":"fr-FR","potentialAction":[{"@type":"ReadAction","target":["https:\/\/www.acrolcar.it\/fr\/chaine-ac-rolcar\/"]}]},{"@type":"BreadcrumbList","@id":"https:\/\/www.acrolcar.it\/fr\/chaine-ac-rolcar\/#breadcrumb","itemListElement":[{"@type":"ListItem","position":1,"name":"Home","item":"https:\/\/www.acrolcar.it\/fr\/"},{"@type":"ListItem","position":2,"name":"Cha\u00eene Ac Rolcar"}]},{"@type":"WebSite","@id":"https:\/\/www.acrolcar.it\/#website","url":"https:\/\/www.acrolcar.it\/","name":"Ac Rolcar","description":"","publisher":{"@id":"https:\/\/www.acrolcar.it\/#organization"},"potentialAction":[{"@type":"SearchAction","target":{"@type":"EntryPoint","urlTemplate":"https:\/\/www.acrolcar.it\/?s={search_term_string}"},"query-input":"required name=search_term_string"}],"inLanguage":"fr-FR"},{"@type":"Organization","@id":"https:\/\/www.acrolcar.it\/#organization","name":"Ac Rolcar","url":"https:\/\/www.acrolcar.it\/","logo":{"@type":"ImageObject","inLanguage":"fr-FR","@id":"https:\/\/www.acrolcar.it\/#\/schema\/logo\/image\/","url":"https:\/\/www.acrolcar.it\/wp-content\/uploads\/2023\/09\/Tavola-disegno-1-5.png","contentUrl":"https:\/\/www.acrolcar.it\/wp-content\/uploads\/2023\/09\/Tavola-disegno-1-5.png","width":221,"height":101,"caption":"Ac Rolcar"},"image":{"@id":"https:\/\/www.acrolcar.it\/#\/schema\/logo\/image\/"}}]}},"uagb_featured_image_src":{"full":false,"thumbnail":false,"medium":false,"medium_large":false,"large":false,"1536x1536":false,"2048x2048":false,"woocommerce_thumbnail":false,"woocommerce_single":false,"woocommerce_gallery_thumbnail":false},"uagb_author_info":{"display_name":"Emanuele Rucci","author_link":"https:\/\/www.acrolcar.it\/fr\/author\/syndev\/"},"uagb_comment_info":0,"uagb_excerpt":null,"_links":{"self":[{"href":"https:\/\/www.acrolcar.it\/fr\/wp-json\/wp\/v2\/pages\/3375"}],"collection":[{"href":"https:\/\/www.acrolcar.it\/fr\/wp-json\/wp\/v2\/pages"}],"about":[{"href":"https:\/\/www.acrolcar.it\/fr\/wp-json\/wp\/v2\/types\/page"}],"author":[{"embeddable":true,"href":"https:\/\/www.acrolcar.it\/fr\/wp-json\/wp\/v2\/users\/2"}],"replies":[{"embeddable":true,"href":"https:\/\/www.acrolcar.it\/fr\/wp-json\/wp\/v2\/comments?post=3375"}],"version-history":[{"count":8,"href":"https:\/\/www.acrolcar.it\/fr\/wp-json\/wp\/v2\/pages\/3375\/revisions"}],"predecessor-version":[{"id":3384,"href":"https:\/\/www.acrolcar.it\/fr\/wp-json\/wp\/v2\/pages\/3375\/revisions\/3384"}],"wp:attachment":[{"href":"https:\/\/www.acrolcar.it\/fr\/wp-json\/wp\/v2\/media?parent=3375"}],"curies":[{"name":"wp","href":"https:\/\/api.w.org\/{rel}","templated":true}]}}