{"id":3370,"date":"2021-08-09T16:38:23","date_gmt":"2021-08-09T14:38:23","guid":{"rendered":"https:\/\/www.acrolcar.it\/entreprise\/"},"modified":"2025-01-13T10:17:54","modified_gmt":"2025-01-13T09:17:54","slug":"entreprise","status":"publish","type":"page","link":"https:\/\/www.acrolcar.it\/fr\/entreprise\/","title":{"rendered":"Entreprise"},"content":{"rendered":"\r\n<div id=\"header-block_915af769ab87da262748206b04d3ca04\" class=\" aligncenter col-12\">\r\n  <h1 class=\"titolo\">\u00c0 PROPOS DE NOUS<\/h1>\r\n  <h3 class=\"sottotitolo\"><\/h3>\r\n  <style>\r\n  #header-block_915af769ab87da262748206b04d3ca04{\r\n    background: linear-gradient(0deg, rgba(0, 0, 0, 0.4), rgba(0, 0, 0, 0.4)), url(\"https:\/\/www.acrolcar.it\/wp-content\/uploads\/2023\/09\/SBF7523-copia.jpg\") ;\r\n    background-repeat:no-repeat;\r\n    background-size: cover;\r\n    background-position: center;  \r\n    height: 30vh;\r\n    display: flex;\r\n    justify-content: center;\r\n    flex-direction: column;\r\n    align-items: center;\r\n  }\r\n  <\/style>\r\n<\/div>\n\n\r\n<div id=\"contenuto-doppia-colonna-block_a603b14b87ae41a2aade7dd5b183b144\" class=\" doppia-colonna\">\r\n  \r\n  <div  id=\"left-column\">\r\n    <h1 class=\"titolo-2\" style=\"margin-bottom: 30px !important;\">AC ROLCAR : L&rsquo;INNOVATION AU SERVICE DE L&rsquo;APR\u00c8S-VENTE<\/h1>\r\n    <p><p>MISSION<br \/>\nDepuis plus de trente ans, Ac Rolcar s&rsquo;affirme comme leader dans la production et la distribution de l\u00e8ve-vitres \u00e9lectriques et manuels. Fond\u00e9e par Ermando Castiglioni, elle se distingue par son excellence et son innovation en fournissant des solutions fiables pour le march\u00e9 OES (\u00c9quipement d&rsquo;Origine du Fabricant) et IAM (March\u00e9 de l&rsquo;Apr\u00e8s-vente Ind\u00e9pendant). Avec plus de 3 250 l\u00e8ve-vitres con\u00e7us et soumis \u00e0 des tests rigoureux, la gamme de produits s&rsquo;\u00e9largit constamment pour garantir une offre toujours adapt\u00e9e aux besoins du march\u00e9. D\u00e8s le d\u00e9but, Ac Rolcar a adopt\u00e9 une vision globale pour servir au mieux les clients du monde entier. Cet engagement s&rsquo;est concr\u00e9tis\u00e9 par l&rsquo;ouverture de sites op\u00e9rationnels strat\u00e9giquement positionn\u00e9s en Italie, en Chine et en Tunisie. Au fil des ans, ces sites sont devenus le c\u0153ur des op\u00e9rations internationales, chacun contribuant de mani\u00e8re unique \u00e0 am\u00e9liorer l&rsquo;efficacit\u00e9 op\u00e9rationnelle de toute la cha\u00eene d&rsquo;approvisionnement.<\/p>\n<p>VISION<br \/>\nNous sommes d\u00e9termin\u00e9s \u00e0 maintenir et renforcer notre position de leader dans la production de l\u00e8ve-vitres \u00e9lectriques et manuels. Notre recherche constante d&rsquo;excellence nous guide dans l&rsquo;offre de produits de qualit\u00e9 et avant-gardistes, toujours orient\u00e9s vers l&rsquo;innovation.<\/p>\n<p>VALEURS<br \/>\n1. Fiabilit\u00e9: \u00eatre un partenaire fiable, garantissant la livraison ponctuelle des produits et le respect des accords conclus.<br \/>\n2. Innovation: promouvoir une culture d&rsquo;innovation et de recherche continue pour rester \u00e0 la pointe du secteur.<br \/>\n3. S\u00e9curit\u00e9: garantir que nos produits contribuent de mani\u00e8re significative \u00e0 la s\u00e9curit\u00e9 des v\u00e9hicules.<br \/>\n4. Durabilit\u00e9: adopter des pratiques durables dans la production et la distribution de nos produits pour minimiser l&rsquo;impact sur l&rsquo;environnement.<br \/>\n5. Collaboration: collaborer activement avec les fournisseurs, partenaires commerciaux et clients pour cr\u00e9er des synergies et atteindre des objectifs communs.<br \/>\n6. Professionnalisme: mener les activit\u00e9s avec le plus haut niveau de comp\u00e9tence, d&rsquo;\u00e9thique et d&rsquo;int\u00e9grit\u00e9.<br \/>\n7. Apprentissage continu: promouvoir une culture d&rsquo;apprentissage et de d\u00e9veloppement professionnel pour tous les membres de l&rsquo;\u00e9quipe.<\/p>\n<\/p>\r\n    \r\n\r\n    \r\n  <\/div>\r\n  <div id=\"right-column\">\r\n    \r\n    \r\n          <div class=\"copertina_video\">\r\n        <a href=\"http:\/\/youtube.com\" >\r\n          <img decoding=\"async\" src=\"https:\/\/www.acrolcar.it\/wp-content\/uploads\/2021\/08\/home_automotive_evolution_after_market.jpg\" alt=\"automotive evolution after market\"\/>\r\n          <img decoding=\"async\" src=\"https:\/\/www.acrolcar.it\/wp-content\/themes\/custom-child\/resources\/images\/PlayBig_Icon.png\" class=\"play_icon\"\/>\r\n        <\/a>\r\n      <\/div>\r\n       \r\n\r\n  <\/div>\r\n<\/div>\n\n\n<p><\/p>\n\n\n\n<div class=\"wp-block-columns is-layout-flex wp-container-2\">\n<div class=\"wp-block-column grid-2-cols is-layout-flow\">\r\n<div id=\"header-block_e596144749b1576580d2e2a007bc631b\" class=\"\">\r\n  \r\n  <div class=\"card-title\">    \r\n          <h3 class='sottotitolo blue'>RECHERCHE ET CONCEPTION<\/h3>      <\/div>\r\n\r\n  <div class=\"card\">\r\n    <img decoding=\"async\" src=\"https:\/\/www.acrolcar.it\/wp-content\/uploads\/2023\/10\/SBF7576-copia-2.jpg\" alt=\"\" class=\"card-img-top\"\/>\r\n    <div class=\"card-body\">\r\n      <p class=\"card-text testo\">\r\n                  Dans le processus de conception, Ac Rolcar commence par une analyse minutieuse du l\u00e8ve-vitre d&rsquo;origine. \r\nS&rsquo;ensuivent des tests rigoureux de performance simul\u00e9s directement dans la porti\u00e8re et des tests de laboratoire pour les sous-composants, le tout garantissant la qualit\u00e9 des mat\u00e9riaux utilis\u00e9s.\r\nCette approche permet de d\u00e9velopper des pi\u00e8ces caract\u00e9ris\u00e9es par des normes d&rsquo;excellence incontest\u00e9es et une synergie parfaite avec les performances et la qualit\u00e9 des \u00e9quipements d&rsquo;origine (OEM).                  \r\n      <\/p>\r\n    <\/div>\r\n  <\/div>\r\n\r\n<\/a>\r\n<\/div>\r\n\r\n\r\n\n\n\r\n<div id=\"header-block_684c6b434fc0b167237b4d158cb0c0c2\" class=\"\">\r\n  \r\n  <div class=\"card-title\">    \r\n          <h3 class='sottotitolo blue'>PRODUCTION<\/h3>      <\/div>\r\n\r\n  <div class=\"card\">\r\n    <img decoding=\"async\" src=\"https:\/\/www.acrolcar.it\/wp-content\/uploads\/2023\/10\/181-2.jpg\" alt=\"\" class=\"card-img-top\"\/>\r\n    <div class=\"card-body\">\r\n      <p class=\"card-text testo\">\r\n                  De l&rsquo;origine de la mati\u00e8re premi\u00e8re au produit fini, le processus de production comprend plusieurs \u00e9tapes: de la conception et prototypage, en passant par les tests, le d\u00e9marrage de la production jusqu&rsquo;au contr\u00f4le final. Gr\u00e2ce \u00e0 une surveillance constante du march\u00e9, l&rsquo;entreprise s&rsquo;engage \u00e0 produire des l\u00e8ve-vitres destin\u00e9s aussi bien aux v\u00e9hicules les plus courants qu&rsquo;aux plus exclusifs.\r\nDans le contexte de l&rsquo;industrie 4.0, le cycle de production est renforc\u00e9 par des technologies de pointe, telles que des syst\u00e8mes de contr\u00f4le num\u00e9rique, la robotique industrielle et des \u00e9quipements sp\u00e9cialis\u00e9s pour les soudures et assemblages.                  \r\n      <\/p>\r\n    <\/div>\r\n  <\/div>\r\n\r\n<\/a>\r\n<\/div>\r\n\r\n\r\n\n\n\r\n<div id=\"header-block_470dd37d948d02fb69467d437f9c5e70\" class=\"\">\r\n  \r\n  <div class=\"card-title\">    \r\n          <h3 class='sottotitolo blue'>TESTS AVANC\u00c9S, PERFORMANCES EXCELLENTES<\/h3>      <\/div>\r\n\r\n  <div class=\"card\">\r\n    <img decoding=\"async\" src=\"https:\/\/www.acrolcar.it\/wp-content\/uploads\/2021\/07\/Bg_Card4.png\" alt=\"\" class=\"card-img-top\"\/>\r\n    <div class=\"card-body\">\r\n      <p class=\"card-text testo\">\r\n                  Pour garantir une qualit\u00e9 sans compromis, les tests effectu\u00e9s par Ac Rolcar sont parmi les plus avanc\u00e9s du secteur.\r\nTous les produits Ac Rolcar sont con\u00e7us pour d\u00e9passer les attentes et assurer des performances de haut niveau, r\u00e9pondant fid\u00e8lement aux normes r\u00e9glementaires strictes et \u00e0 la certification GLOBE.                  \r\n      <\/p>\r\n    <\/div>\r\n  <\/div>\r\n\r\n<\/a>\r\n<\/div>\r\n\r\n\r\n\n\n\r\n<div id=\"header-block_d070f66c3d337bccd1efebfacd0a4e32\" class=\"\">\r\n  \r\n  <div class=\"card-title\">    \r\n          <h3 class='sottotitolo blue'>HISTOIRE D&rsquo;EFFICACIT\u00c9 ET D&rsquo;EXCELLENCE LOGISTIQUE<\/h3>      <\/div>\r\n\r\n  <div class=\"card\">\r\n    <img decoding=\"async\" src=\"https:\/\/www.acrolcar.it\/wp-content\/uploads\/2021\/07\/Bg_Card3.png\" alt=\"\" class=\"card-img-top\"\/>\r\n    <div class=\"card-body\">\r\n      <p class=\"card-text testo\">\r\n                  Depuis sa fondation, Ac Rolcar a adopt\u00e9 une logistique int\u00e9gr\u00e9e, optimisant les flux d&rsquo;approvisionnement, de production et de distribution.\r\nTous les sites de production sont un \u00e9l\u00e9ment vital du succ\u00e8s d&rsquo;Ac Rolcar, contribuant de mani\u00e8re significative \u00e0 la capacit\u00e9 de fournir des produits de haute qualit\u00e9 de mani\u00e8re rapide et efficace. La mise en \u0153uvre de solutions logistiques avant-gardistes est essentielle pour une gestion agile et \u00e9volutive des op\u00e9rations, et le site italien est \u00e0 la pointe dans ce domaine.\r\n\u00ab\u00a0Nous offrons depuis toujours des solutions de haute qualit\u00e9 avec un service global impeccable.\u00a0\u00bb                  \r\n      <\/p>\r\n    <\/div>\r\n  <\/div>\r\n\r\n<\/a>\r\n<\/div>\r\n\r\n\r\n<\/div>\n<\/div>\n","protected":false},"excerpt":{"rendered":"","protected":false},"author":2,"featured_media":0,"parent":0,"menu_order":0,"comment_status":"closed","ping_status":"closed","template":"","meta":{"_uag_custom_page_level_css":"","site-sidebar-layout":"no-sidebar","site-content-layout":"page-builder","ast-site-content-layout":"full-width-container","site-content-style":"unboxed","site-sidebar-style":"unboxed","ast-global-header-display":"","ast-banner-title-visibility":"","ast-main-header-display":"","ast-hfb-above-header-display":"","ast-hfb-below-header-display":"","ast-hfb-mobile-header-display":"","site-post-title":"disabled","ast-breadcrumbs-content":"","ast-featured-img":"","footer-sml-layout":"","theme-transparent-header-meta":"default","adv-header-id-meta":"","stick-header-meta":"default","header-above-stick-meta":"","header-main-stick-meta":"","header-below-stick-meta":"","astra-migrate-meta-layouts":"set","ast-page-background-enabled":"default","ast-page-background-meta":{"desktop":{"background-color":"","background-image":"","background-repeat":"repeat","background-position":"center center","background-size":"auto","background-attachment":"scroll","background-type":"","background-media":"","overlay-type":"","overlay-color":"","overlay-gradient":""},"tablet":{"background-color":"","background-image":"","background-repeat":"repeat","background-position":"center center","background-size":"auto","background-attachment":"scroll","background-type":"","background-media":"","overlay-type":"","overlay-color":"","overlay-gradient":""},"mobile":{"background-color":"","background-image":"","background-repeat":"repeat","background-position":"center center","background-size":"auto","background-attachment":"scroll","background-type":"","background-media":"","overlay-type":"","overlay-color":"","overlay-gradient":""}},"ast-content-background-meta":{"desktop":{"background-color":"var(--ast-global-color-5)","background-image":"","background-repeat":"repeat","background-position":"center center","background-size":"auto","background-attachment":"scroll","background-type":"","background-media":"","overlay-type":"","overlay-color":"","overlay-gradient":""},"tablet":{"background-color":"var(--ast-global-color-5)","background-image":"","background-repeat":"repeat","background-position":"center center","background-size":"auto","background-attachment":"scroll","background-type":"","background-media":"","overlay-type":"","overlay-color":"","overlay-gradient":""},"mobile":{"background-color":"var(--ast-global-color-5)","background-image":"","background-repeat":"repeat","background-position":"center center","background-size":"auto","background-attachment":"scroll","background-type":"","background-media":"","overlay-type":"","overlay-color":"","overlay-gradient":""}}},"acf":[],"yoast_head":"<!-- This site is optimized with the Yoast SEO plugin v21.4 - https:\/\/yoast.com\/wordpress\/plugins\/seo\/ -->\n<title>Entreprise - Ac Rolcar<\/title>\n<meta name=\"robots\" content=\"index, follow, max-snippet:-1, max-image-preview:large, max-video-preview:-1\" \/>\n<link rel=\"canonical\" href=\"https:\/\/www.acrolcar.it\/fr\/entreprise\/\" \/>\n<meta property=\"og:locale\" content=\"fr_FR\" \/>\n<meta property=\"og:type\" content=\"article\" \/>\n<meta property=\"og:title\" content=\"Entreprise - Ac Rolcar\" \/>\n<meta property=\"og:url\" content=\"https:\/\/www.acrolcar.it\/fr\/entreprise\/\" \/>\n<meta property=\"og:site_name\" content=\"Ac Rolcar\" \/>\n<meta property=\"article:modified_time\" content=\"2025-01-13T09:17:54+00:00\" \/>\n<meta name=\"twitter:card\" content=\"summary_large_image\" \/>\n<script type=\"application\/ld+json\" class=\"yoast-schema-graph\">{\"@context\":\"https:\/\/schema.org\",\"@graph\":[{\"@type\":\"WebPage\",\"@id\":\"https:\/\/www.acrolcar.it\/fr\/entreprise\/\",\"url\":\"https:\/\/www.acrolcar.it\/fr\/entreprise\/\",\"name\":\"Entreprise - Ac Rolcar\",\"isPartOf\":{\"@id\":\"https:\/\/www.acrolcar.it\/#website\"},\"datePublished\":\"2021-08-09T14:38:23+00:00\",\"dateModified\":\"2025-01-13T09:17:54+00:00\",\"breadcrumb\":{\"@id\":\"https:\/\/www.acrolcar.it\/fr\/entreprise\/#breadcrumb\"},\"inLanguage\":\"fr-FR\",\"potentialAction\":[{\"@type\":\"ReadAction\",\"target\":[\"https:\/\/www.acrolcar.it\/fr\/entreprise\/\"]}]},{\"@type\":\"BreadcrumbList\",\"@id\":\"https:\/\/www.acrolcar.it\/fr\/entreprise\/#breadcrumb\",\"itemListElement\":[{\"@type\":\"ListItem\",\"position\":1,\"name\":\"Home\",\"item\":\"https:\/\/www.acrolcar.it\/fr\/\"},{\"@type\":\"ListItem\",\"position\":2,\"name\":\"Entreprise\"}]},{\"@type\":\"WebSite\",\"@id\":\"https:\/\/www.acrolcar.it\/#website\",\"url\":\"https:\/\/www.acrolcar.it\/\",\"name\":\"Ac Rolcar\",\"description\":\"\",\"publisher\":{\"@id\":\"https:\/\/www.acrolcar.it\/#organization\"},\"potentialAction\":[{\"@type\":\"SearchAction\",\"target\":{\"@type\":\"EntryPoint\",\"urlTemplate\":\"https:\/\/www.acrolcar.it\/?s={search_term_string}\"},\"query-input\":\"required name=search_term_string\"}],\"inLanguage\":\"fr-FR\"},{\"@type\":\"Organization\",\"@id\":\"https:\/\/www.acrolcar.it\/#organization\",\"name\":\"Ac Rolcar\",\"url\":\"https:\/\/www.acrolcar.it\/\",\"logo\":{\"@type\":\"ImageObject\",\"inLanguage\":\"fr-FR\",\"@id\":\"https:\/\/www.acrolcar.it\/#\/schema\/logo\/image\/\",\"url\":\"https:\/\/www.acrolcar.it\/wp-content\/uploads\/2023\/09\/Tavola-disegno-1-5.png\",\"contentUrl\":\"https:\/\/www.acrolcar.it\/wp-content\/uploads\/2023\/09\/Tavola-disegno-1-5.png\",\"width\":221,\"height\":101,\"caption\":\"Ac Rolcar\"},\"image\":{\"@id\":\"https:\/\/www.acrolcar.it\/#\/schema\/logo\/image\/\"}}]}<\/script>\n<!-- \/ Yoast SEO plugin. -->","yoast_head_json":{"title":"Entreprise - Ac Rolcar","robots":{"index":"index","follow":"follow","max-snippet":"max-snippet:-1","max-image-preview":"max-image-preview:large","max-video-preview":"max-video-preview:-1"},"canonical":"https:\/\/www.acrolcar.it\/fr\/entreprise\/","og_locale":"fr_FR","og_type":"article","og_title":"Entreprise - Ac Rolcar","og_url":"https:\/\/www.acrolcar.it\/fr\/entreprise\/","og_site_name":"Ac Rolcar","article_modified_time":"2025-01-13T09:17:54+00:00","twitter_card":"summary_large_image","schema":{"@context":"https:\/\/schema.org","@graph":[{"@type":"WebPage","@id":"https:\/\/www.acrolcar.it\/fr\/entreprise\/","url":"https:\/\/www.acrolcar.it\/fr\/entreprise\/","name":"Entreprise - Ac Rolcar","isPartOf":{"@id":"https:\/\/www.acrolcar.it\/#website"},"datePublished":"2021-08-09T14:38:23+00:00","dateModified":"2025-01-13T09:17:54+00:00","breadcrumb":{"@id":"https:\/\/www.acrolcar.it\/fr\/entreprise\/#breadcrumb"},"inLanguage":"fr-FR","potentialAction":[{"@type":"ReadAction","target":["https:\/\/www.acrolcar.it\/fr\/entreprise\/"]}]},{"@type":"BreadcrumbList","@id":"https:\/\/www.acrolcar.it\/fr\/entreprise\/#breadcrumb","itemListElement":[{"@type":"ListItem","position":1,"name":"Home","item":"https:\/\/www.acrolcar.it\/fr\/"},{"@type":"ListItem","position":2,"name":"Entreprise"}]},{"@type":"WebSite","@id":"https:\/\/www.acrolcar.it\/#website","url":"https:\/\/www.acrolcar.it\/","name":"Ac Rolcar","description":"","publisher":{"@id":"https:\/\/www.acrolcar.it\/#organization"},"potentialAction":[{"@type":"SearchAction","target":{"@type":"EntryPoint","urlTemplate":"https:\/\/www.acrolcar.it\/?s={search_term_string}"},"query-input":"required name=search_term_string"}],"inLanguage":"fr-FR"},{"@type":"Organization","@id":"https:\/\/www.acrolcar.it\/#organization","name":"Ac Rolcar","url":"https:\/\/www.acrolcar.it\/","logo":{"@type":"ImageObject","inLanguage":"fr-FR","@id":"https:\/\/www.acrolcar.it\/#\/schema\/logo\/image\/","url":"https:\/\/www.acrolcar.it\/wp-content\/uploads\/2023\/09\/Tavola-disegno-1-5.png","contentUrl":"https:\/\/www.acrolcar.it\/wp-content\/uploads\/2023\/09\/Tavola-disegno-1-5.png","width":221,"height":101,"caption":"Ac Rolcar"},"image":{"@id":"https:\/\/www.acrolcar.it\/#\/schema\/logo\/image\/"}}]}},"uagb_featured_image_src":{"full":false,"thumbnail":false,"medium":false,"medium_large":false,"large":false,"1536x1536":false,"2048x2048":false,"woocommerce_thumbnail":false,"woocommerce_single":false,"woocommerce_gallery_thumbnail":false},"uagb_author_info":{"display_name":"Emanuele Rucci","author_link":"https:\/\/www.acrolcar.it\/fr\/author\/syndev\/"},"uagb_comment_info":0,"uagb_excerpt":null,"_links":{"self":[{"href":"https:\/\/www.acrolcar.it\/fr\/wp-json\/wp\/v2\/pages\/3370"}],"collection":[{"href":"https:\/\/www.acrolcar.it\/fr\/wp-json\/wp\/v2\/pages"}],"about":[{"href":"https:\/\/www.acrolcar.it\/fr\/wp-json\/wp\/v2\/types\/page"}],"author":[{"embeddable":true,"href":"https:\/\/www.acrolcar.it\/fr\/wp-json\/wp\/v2\/users\/2"}],"replies":[{"embeddable":true,"href":"https:\/\/www.acrolcar.it\/fr\/wp-json\/wp\/v2\/comments?post=3370"}],"version-history":[{"count":5,"href":"https:\/\/www.acrolcar.it\/fr\/wp-json\/wp\/v2\/pages\/3370\/revisions"}],"predecessor-version":[{"id":6101,"href":"https:\/\/www.acrolcar.it\/fr\/wp-json\/wp\/v2\/pages\/3370\/revisions\/6101"}],"wp:attachment":[{"href":"https:\/\/www.acrolcar.it\/fr\/wp-json\/wp\/v2\/media?parent=3370"}],"curies":[{"name":"wp","href":"https:\/\/api.w.org\/{rel}","templated":true}]}}