{"id":3415,"date":"2021-08-09T16:38:23","date_gmt":"2021-08-09T14:38:23","guid":{"rendered":"https:\/\/www.acrolcar.it\/empresa\/"},"modified":"2025-01-13T10:18:47","modified_gmt":"2025-01-13T09:18:47","slug":"empresa","status":"publish","type":"page","link":"https:\/\/www.acrolcar.it\/es\/empresa\/","title":{"rendered":"Empresa"},"content":{"rendered":"\r\n<div id=\"header-block_15b36d8aa2f91085e4d7b44c47d64b4a\" class=\" aligncenter col-12\">\r\n  <h1 class=\"titolo\">SOBRE NOSOTROS<\/h1>\r\n  <h3 class=\"sottotitolo\"><\/h3>\r\n  <style>\r\n  #header-block_15b36d8aa2f91085e4d7b44c47d64b4a{\r\n    background: linear-gradient(0deg, rgba(0, 0, 0, 0.4), rgba(0, 0, 0, 0.4)), url(\"https:\/\/www.acrolcar.it\/wp-content\/uploads\/2023\/09\/SBF7523-copia.jpg\") ;\r\n    background-repeat:no-repeat;\r\n    background-size: cover;\r\n    background-position: center;  \r\n    height: 30vh;\r\n    display: flex;\r\n    justify-content: center;\r\n    flex-direction: column;\r\n    align-items: center;\r\n  }\r\n  <\/style>\r\n<\/div>\n\n\r\n<div id=\"contenuto-doppia-colonna-block_14b663ba32db8f3fe2292d2a50e38fe2\" class=\" doppia-colonna\">\r\n  \r\n  <div  id=\"left-column\">\r\n    <h1 class=\"titolo-2\" style=\"margin-bottom: 30px !important;\">AC ROLCAR: LA INNOVACI\u00d3N AL SERVICIO DEL AFTERMARKET<\/h1>\r\n    <p><p>MISI\u00d3N<br \/>\nDesde hace m\u00e1s de treinta a\u00f1os, Ac Rolcar se ha consolidado como l\u00edder en la producci\u00f3n y distribuci\u00f3n de elevadores de ventanas el\u00e9ctricos y manuales. Fundada por Ermando Castiglioni, se distingue por la excelencia e innovaci\u00f3n al ofrecer soluciones confiables para el mercado OES (Equipamiento Original del Fabricante) y IAM (Mercado Aftermarket Independiente). Con m\u00e1s de 3,250 elevadores dise\u00f1ados y sometidos a rigurosas pruebas, la gama de productos se ampl\u00eda constantemente para garantizar una oferta siempre acorde a las necesidades del mercado. Desde el principio, Ac Rolcar ha adoptado una visi\u00f3n global para servir mejor a los clientes en todo el mundo. Este compromiso se ha concretado con la apertura de sedes estrat\u00e9gicamente ubicadas en Italia, China y T\u00fanez. Con el tiempo, estas sedes se han convertido en el n\u00facleo de las operaciones internacionales, cada una contribuyendo de manera \u00fanica a mejorar la eficiencia operativa de toda la cadena de suministro.<\/p>\n<p>VISI\u00d3N<br \/>\nEstamos determinados a mantener y fortalecer nuestra posici\u00f3n de liderazgo en la producci\u00f3n de elevadores de ventanas el\u00e9ctricos y manuales. Nuestra constante b\u00fasqueda de excelencia nos gu\u00eda en ofrecer productos de calidad y vanguardia, siempre orientados hacia la innovaci\u00f3n.<\/p>\n<p>VALORES<br \/>\n1.\tConfiabilidad: ser un socio confiable, garantizando la entrega puntual de los productos y el cumplimiento de los acuerdos establecidos.<br \/>\n2.\tInnovaci\u00f3n: promover una cultura de innovaci\u00f3n e investigaci\u00f3n continua para mantenernos a la vanguardia en el sector.<br \/>\n3.\tSeguridad: asegurar que nuestros productos contribuyan significativamente a la seguridad de los veh\u00edculos.<br \/>\n4.\tSostenibilidad: adoptar pr\u00e1cticas sostenibles en la producci\u00f3n y distribuci\u00f3n de nuestros productos para minimizar el impacto en el medio ambiente.<br \/>\n5.\tColaboraci\u00f3n: colaborar activamente con proveedores, socios comerciales y clientes para crear sinergias y alcanzar objetivos comunes.<br \/>\n6.\tProfesionalismo: llevar a cabo las actividades con el m\u00e1ximo nivel de competencia, \u00e9tica e integridad.<br \/>\n7.\tAprendizaje Continuo: promover una cultura de aprendizaje y desarrollo profesional para todos los miembros del equipo.<\/p>\n<\/p>\r\n    \r\n\r\n    \r\n  <\/div>\r\n  <div id=\"right-column\">\r\n    \r\n    \r\n          <div class=\"copertina_video\">\r\n        <a href=\"http:\/\/youtube.com\" >\r\n          <img decoding=\"async\" src=\"https:\/\/www.acrolcar.it\/wp-content\/uploads\/2021\/08\/home_automotive_evolution_after_market.jpg\" alt=\"automotive evolution after market\"\/>\r\n          <img decoding=\"async\" src=\"https:\/\/www.acrolcar.it\/wp-content\/themes\/custom-child\/resources\/images\/PlayBig_Icon.png\" class=\"play_icon\"\/>\r\n        <\/a>\r\n      <\/div>\r\n       \r\n\r\n  <\/div>\r\n<\/div>\n\n\n<p><\/p>\n\n\n\n<div class=\"wp-block-columns is-layout-flex wp-container-2\">\n<div class=\"wp-block-column grid-2-cols is-layout-flow\">\r\n<div id=\"header-block_ca94faed4c80a6225685cc98bfdc658f\" class=\"\">\r\n  \r\n  <div class=\"card-title\">    \r\n          <h3 class='sottotitolo blue'>INVESTIGACI\u00d3N Y DISE\u00d1O<\/h3>      <\/div>\r\n\r\n  <div class=\"card\">\r\n    <img decoding=\"async\" src=\"https:\/\/www.acrolcar.it\/wp-content\/uploads\/2023\/10\/SBF7576-copia-2.jpg\" alt=\"\" class=\"card-img-top\"\/>\r\n    <div class=\"card-body\">\r\n      <p class=\"card-text testo\">\r\n                  En el proceso de dise\u00f1o, Ac Rolcar comienza con un an\u00e1lisis detallado del elevador de ventanas original. \r\nA esto le siguen rigurosas pruebas de rendimiento simuladas directamente en la puerta y pruebas de laboratorio para los subcomponentes, todo ello garantizando la calidad de los materiales utilizados.\r\nEste enfoque permite desarrollar piezas caracterizadas por est\u00e1ndares de excelencia indiscutible y una perfecta sinergia con el rendimiento y la calidad de los OEM.                  \r\n      <\/p>\r\n    <\/div>\r\n  <\/div>\r\n\r\n<\/a>\r\n<\/div>\r\n\r\n\r\n\n\n\r\n<div id=\"header-block_c189203c9b4b21b4c81694768d0ecd22\" class=\"\">\r\n  \r\n  <div class=\"card-title\">    \r\n          <h3 class='sottotitolo blue'>PRODUCCI\u00d3N<\/h3>      <\/div>\r\n\r\n  <div class=\"card\">\r\n    <img decoding=\"async\" src=\"https:\/\/www.acrolcar.it\/wp-content\/uploads\/2023\/10\/181-2.jpg\" alt=\"\" class=\"card-img-top\"\/>\r\n    <div class=\"card-body\">\r\n      <p class=\"card-text testo\">\r\n                  Desde el origen de la materia prima hasta el producto terminado, el proceso de producci\u00f3n abarca una serie de etapas: desde la fase de dise\u00f1o y prototipado, pasando por las pruebas, hasta el inicio de la producci\u00f3n y el control final. Gracias a una vigilancia constante en el mercado, la empresa se compromete a fabricar elevadores de vidrio destinados tanto a veh\u00edculos m\u00e1s comunes como a los m\u00e1s exclusivos.\r\nEn el contexto de la industria 4.0, el ciclo de producci\u00f3n se potencia con tecnolog\u00edas de vanguardia, como sistemas de control num\u00e9rico, rob\u00f3tica industrial e instrumentaci\u00f3n especializada para soldaduras y ensamblajes.                  \r\n      <\/p>\r\n    <\/div>\r\n  <\/div>\r\n\r\n<\/a>\r\n<\/div>\r\n\r\n\r\n\n\n\r\n<div id=\"header-block_6af128bcaab0f9fe90be38e73fd6a70c\" class=\"\">\r\n  \r\n  <div class=\"card-title\">    \r\n          <h3 class='sottotitolo blue'>PRUEBAS AVANZADAS, RENDIMIENTO EXCEPCIONAL<\/h3>      <\/div>\r\n\r\n  <div class=\"card\">\r\n    <img decoding=\"async\" src=\"https:\/\/www.acrolcar.it\/wp-content\/uploads\/2021\/07\/Bg_Card4.png\" alt=\"\" class=\"card-img-top\"\/>\r\n    <div class=\"card-body\">\r\n      <p class=\"card-text testo\">\r\n                  Para garantizar una calidad sin compromisos, las pruebas realizadas por Ac Rolcar son las m\u00e1s avanzadas en el sector.\r\nTodos los productos de Ac Rolcar est\u00e1n dise\u00f1ados para superar las expectativas y asegurar un rendimiento de alto nivel, cumpliendo fielmente con las estrictas normas reglamentarias y con la certificaci\u00f3n GLOBE.                  \r\n      <\/p>\r\n    <\/div>\r\n  <\/div>\r\n\r\n<\/a>\r\n<\/div>\r\n\r\n\r\n\n\n\r\n<div id=\"header-block_fd351d646d6fef12c5dc82e457c0456b\" class=\"\">\r\n  \r\n  <div class=\"card-title\">    \r\n          <h3 class='sottotitolo blue'>HISTORIA DE EFICIENCIA Y EXCELENCIA LOG\u00cdSTICA<\/h3>      <\/div>\r\n\r\n  <div class=\"card\">\r\n    <img decoding=\"async\" src=\"https:\/\/www.acrolcar.it\/wp-content\/uploads\/2021\/07\/Bg_Card3.png\" alt=\"\" class=\"card-img-top\"\/>\r\n    <div class=\"card-body\">\r\n      <p class=\"card-text testo\">\r\n                  Desde su fundaci\u00f3n, Ac Rolcar ha adoptado una log\u00edstica integrada, optimizando los flujos de aprovisionamiento, producci\u00f3n y distribuci\u00f3n.\r\nTodas las sedes productivas son un componente vital del \u00e9xito de Ac Rolcar, contribuyendo de manera determinante a la capacidad de proporcionar productos de alta calidad de manera oportuna y eficiente. La implementaci\u00f3n de soluciones log\u00edsticas avanzadas es esencial para una gesti\u00f3n \u00e1gilmente escalable de las operaciones, y la sede italiana est\u00e1 a la vanguardia en este campo.\r\n\u00abSiempre ofrecemos soluciones de alta calidad con un servicio global impecable.\u00bb                  \r\n      <\/p>\r\n    <\/div>\r\n  <\/div>\r\n\r\n<\/a>\r\n<\/div>\r\n\r\n\r\n<\/div>\n<\/div>\n","protected":false},"excerpt":{"rendered":"","protected":false},"author":2,"featured_media":0,"parent":0,"menu_order":0,"comment_status":"closed","ping_status":"closed","template":"","meta":{"_uag_custom_page_level_css":"","site-sidebar-layout":"no-sidebar","site-content-layout":"page-builder","ast-site-content-layout":"full-width-container","site-content-style":"unboxed","site-sidebar-style":"unboxed","ast-global-header-display":"","ast-banner-title-visibility":"","ast-main-header-display":"","ast-hfb-above-header-display":"","ast-hfb-below-header-display":"","ast-hfb-mobile-header-display":"","site-post-title":"disabled","ast-breadcrumbs-content":"","ast-featured-img":"","footer-sml-layout":"","theme-transparent-header-meta":"default","adv-header-id-meta":"","stick-header-meta":"default","header-above-stick-meta":"","header-main-stick-meta":"","header-below-stick-meta":"","astra-migrate-meta-layouts":"set","ast-page-background-enabled":"default","ast-page-background-meta":{"desktop":{"background-color":"","background-image":"","background-repeat":"repeat","background-position":"center center","background-size":"auto","background-attachment":"scroll","background-type":"","background-media":"","overlay-type":"","overlay-color":"","overlay-gradient":""},"tablet":{"background-color":"","background-image":"","background-repeat":"repeat","background-position":"center center","background-size":"auto","background-attachment":"scroll","background-type":"","background-media":"","overlay-type":"","overlay-color":"","overlay-gradient":""},"mobile":{"background-color":"","background-image":"","background-repeat":"repeat","background-position":"center center","background-size":"auto","background-attachment":"scroll","background-type":"","background-media":"","overlay-type":"","overlay-color":"","overlay-gradient":""}},"ast-content-background-meta":{"desktop":{"background-color":"var(--ast-global-color-5)","background-image":"","background-repeat":"repeat","background-position":"center center","background-size":"auto","background-attachment":"scroll","background-type":"","background-media":"","overlay-type":"","overlay-color":"","overlay-gradient":""},"tablet":{"background-color":"var(--ast-global-color-5)","background-image":"","background-repeat":"repeat","background-position":"center center","background-size":"auto","background-attachment":"scroll","background-type":"","background-media":"","overlay-type":"","overlay-color":"","overlay-gradient":""},"mobile":{"background-color":"var(--ast-global-color-5)","background-image":"","background-repeat":"repeat","background-position":"center center","background-size":"auto","background-attachment":"scroll","background-type":"","background-media":"","overlay-type":"","overlay-color":"","overlay-gradient":""}}},"acf":[],"yoast_head":"<!-- This site is optimized with the Yoast SEO plugin v21.4 - https:\/\/yoast.com\/wordpress\/plugins\/seo\/ -->\n<title>Empresa - Ac Rolcar<\/title>\n<meta name=\"robots\" content=\"index, follow, max-snippet:-1, max-image-preview:large, max-video-preview:-1\" \/>\n<link rel=\"canonical\" href=\"https:\/\/www.acrolcar.it\/es\/empresa\/\" \/>\n<meta property=\"og:locale\" content=\"es_ES\" \/>\n<meta property=\"og:type\" content=\"article\" \/>\n<meta property=\"og:title\" content=\"Empresa - Ac Rolcar\" \/>\n<meta property=\"og:url\" content=\"https:\/\/www.acrolcar.it\/es\/empresa\/\" \/>\n<meta property=\"og:site_name\" content=\"Ac Rolcar\" \/>\n<meta property=\"article:modified_time\" content=\"2025-01-13T09:18:47+00:00\" \/>\n<meta name=\"twitter:card\" content=\"summary_large_image\" \/>\n<script type=\"application\/ld+json\" class=\"yoast-schema-graph\">{\"@context\":\"https:\/\/schema.org\",\"@graph\":[{\"@type\":\"WebPage\",\"@id\":\"https:\/\/www.acrolcar.it\/es\/empresa\/\",\"url\":\"https:\/\/www.acrolcar.it\/es\/empresa\/\",\"name\":\"Empresa - Ac Rolcar\",\"isPartOf\":{\"@id\":\"https:\/\/www.acrolcar.it\/#website\"},\"datePublished\":\"2021-08-09T14:38:23+00:00\",\"dateModified\":\"2025-01-13T09:18:47+00:00\",\"breadcrumb\":{\"@id\":\"https:\/\/www.acrolcar.it\/es\/empresa\/#breadcrumb\"},\"inLanguage\":\"es\",\"potentialAction\":[{\"@type\":\"ReadAction\",\"target\":[\"https:\/\/www.acrolcar.it\/es\/empresa\/\"]}]},{\"@type\":\"BreadcrumbList\",\"@id\":\"https:\/\/www.acrolcar.it\/es\/empresa\/#breadcrumb\",\"itemListElement\":[{\"@type\":\"ListItem\",\"position\":1,\"name\":\"Home\",\"item\":\"https:\/\/www.acrolcar.it\/es\/\"},{\"@type\":\"ListItem\",\"position\":2,\"name\":\"Empresa\"}]},{\"@type\":\"WebSite\",\"@id\":\"https:\/\/www.acrolcar.it\/#website\",\"url\":\"https:\/\/www.acrolcar.it\/\",\"name\":\"Ac Rolcar\",\"description\":\"\",\"publisher\":{\"@id\":\"https:\/\/www.acrolcar.it\/#organization\"},\"potentialAction\":[{\"@type\":\"SearchAction\",\"target\":{\"@type\":\"EntryPoint\",\"urlTemplate\":\"https:\/\/www.acrolcar.it\/?s={search_term_string}\"},\"query-input\":\"required name=search_term_string\"}],\"inLanguage\":\"es\"},{\"@type\":\"Organization\",\"@id\":\"https:\/\/www.acrolcar.it\/#organization\",\"name\":\"Ac Rolcar\",\"url\":\"https:\/\/www.acrolcar.it\/\",\"logo\":{\"@type\":\"ImageObject\",\"inLanguage\":\"es\",\"@id\":\"https:\/\/www.acrolcar.it\/#\/schema\/logo\/image\/\",\"url\":\"https:\/\/www.acrolcar.it\/wp-content\/uploads\/2023\/09\/Tavola-disegno-1-5.png\",\"contentUrl\":\"https:\/\/www.acrolcar.it\/wp-content\/uploads\/2023\/09\/Tavola-disegno-1-5.png\",\"width\":221,\"height\":101,\"caption\":\"Ac Rolcar\"},\"image\":{\"@id\":\"https:\/\/www.acrolcar.it\/#\/schema\/logo\/image\/\"}}]}<\/script>\n<!-- \/ Yoast SEO plugin. -->","yoast_head_json":{"title":"Empresa - Ac Rolcar","robots":{"index":"index","follow":"follow","max-snippet":"max-snippet:-1","max-image-preview":"max-image-preview:large","max-video-preview":"max-video-preview:-1"},"canonical":"https:\/\/www.acrolcar.it\/es\/empresa\/","og_locale":"es_ES","og_type":"article","og_title":"Empresa - Ac Rolcar","og_url":"https:\/\/www.acrolcar.it\/es\/empresa\/","og_site_name":"Ac Rolcar","article_modified_time":"2025-01-13T09:18:47+00:00","twitter_card":"summary_large_image","schema":{"@context":"https:\/\/schema.org","@graph":[{"@type":"WebPage","@id":"https:\/\/www.acrolcar.it\/es\/empresa\/","url":"https:\/\/www.acrolcar.it\/es\/empresa\/","name":"Empresa - Ac Rolcar","isPartOf":{"@id":"https:\/\/www.acrolcar.it\/#website"},"datePublished":"2021-08-09T14:38:23+00:00","dateModified":"2025-01-13T09:18:47+00:00","breadcrumb":{"@id":"https:\/\/www.acrolcar.it\/es\/empresa\/#breadcrumb"},"inLanguage":"es","potentialAction":[{"@type":"ReadAction","target":["https:\/\/www.acrolcar.it\/es\/empresa\/"]}]},{"@type":"BreadcrumbList","@id":"https:\/\/www.acrolcar.it\/es\/empresa\/#breadcrumb","itemListElement":[{"@type":"ListItem","position":1,"name":"Home","item":"https:\/\/www.acrolcar.it\/es\/"},{"@type":"ListItem","position":2,"name":"Empresa"}]},{"@type":"WebSite","@id":"https:\/\/www.acrolcar.it\/#website","url":"https:\/\/www.acrolcar.it\/","name":"Ac Rolcar","description":"","publisher":{"@id":"https:\/\/www.acrolcar.it\/#organization"},"potentialAction":[{"@type":"SearchAction","target":{"@type":"EntryPoint","urlTemplate":"https:\/\/www.acrolcar.it\/?s={search_term_string}"},"query-input":"required name=search_term_string"}],"inLanguage":"es"},{"@type":"Organization","@id":"https:\/\/www.acrolcar.it\/#organization","name":"Ac Rolcar","url":"https:\/\/www.acrolcar.it\/","logo":{"@type":"ImageObject","inLanguage":"es","@id":"https:\/\/www.acrolcar.it\/#\/schema\/logo\/image\/","url":"https:\/\/www.acrolcar.it\/wp-content\/uploads\/2023\/09\/Tavola-disegno-1-5.png","contentUrl":"https:\/\/www.acrolcar.it\/wp-content\/uploads\/2023\/09\/Tavola-disegno-1-5.png","width":221,"height":101,"caption":"Ac Rolcar"},"image":{"@id":"https:\/\/www.acrolcar.it\/#\/schema\/logo\/image\/"}}]}},"uagb_featured_image_src":{"full":false,"thumbnail":false,"medium":false,"medium_large":false,"large":false,"1536x1536":false,"2048x2048":false,"woocommerce_thumbnail":false,"woocommerce_single":false,"woocommerce_gallery_thumbnail":false},"uagb_author_info":{"display_name":"Emanuele Rucci","author_link":"https:\/\/www.acrolcar.it\/es\/author\/syndev\/"},"uagb_comment_info":0,"uagb_excerpt":null,"_links":{"self":[{"href":"https:\/\/www.acrolcar.it\/es\/wp-json\/wp\/v2\/pages\/3415"}],"collection":[{"href":"https:\/\/www.acrolcar.it\/es\/wp-json\/wp\/v2\/pages"}],"about":[{"href":"https:\/\/www.acrolcar.it\/es\/wp-json\/wp\/v2\/types\/page"}],"author":[{"embeddable":true,"href":"https:\/\/www.acrolcar.it\/es\/wp-json\/wp\/v2\/users\/2"}],"replies":[{"embeddable":true,"href":"https:\/\/www.acrolcar.it\/es\/wp-json\/wp\/v2\/comments?post=3415"}],"version-history":[{"count":4,"href":"https:\/\/www.acrolcar.it\/es\/wp-json\/wp\/v2\/pages\/3415\/revisions"}],"predecessor-version":[{"id":6105,"href":"https:\/\/www.acrolcar.it\/es\/wp-json\/wp\/v2\/pages\/3415\/revisions\/6105"}],"wp:attachment":[{"href":"https:\/\/www.acrolcar.it\/es\/wp-json\/wp\/v2\/media?parent=3415"}],"curies":[{"name":"wp","href":"https:\/\/api.w.org\/{rel}","templated":true}]}}